{"id":114,"date":"2020-03-15T13:17:20","date_gmt":"2020-03-15T11:17:20","guid":{"rendered":"https:\/\/dorffoerderverein-undenheim.de\/?page_id=114"},"modified":"2026-04-23T08:35:15","modified_gmt":"2026-04-23T06:35:15","slug":"projekte","status":"publish","type":"page","link":"https:\/\/dfv-undenheim.de\/?page_id=114","title":{"rendered":"Projekte"},"content":{"rendered":"\n<hr class=\"wp-block-separator has-css-opacity\"\/>\n\n\n\n<p class=\"has-medium-font-size\"><strong>Update<\/strong><\/p>\n\n\n\n<p>Das Sanierungskonzept wurde vom Denkmalschutz freigegeben. Der Abriss soll Mitte Juni 2026 beginnen und dann St\u00fcck f\u00fcr St\u00fcck wieder aufgebaut werden.<\/p>\n\n\n\n<p class=\"has-medium-font-size\"><strong>Aktuelle Situation Spielplatz zum kleinen Undo<\/strong><\/p>\n\n\n\n<p>Liebe Kinder, liebe Undenheimerinnen und Undenheimer,<br>liebe Unterst\u00fctzerinnen und Unterst\u00fctzer unseres Spielplatzprojekts,<\/p>\n\n\n\n<p><strong>wir wissen:<\/strong> Viele Kinder und Familien warten sehns\u00fcchtig auf die Er\u00f6ffnung unseres neuen Spielplatzes an der Mozartstra\u00dfe &#8211; t\u00e4glich erreichen uns Nachrichten, wann es endlich losgeht. Und ja \u2013 auch wir als Verein k\u00f6nnen es kaum erwarten, das \u201eIndianerdorf zum kleinen Undo\u201c endlich an euch zu \u00fcbergeben.<\/p>\n\n\n\n<p>Umso schwerer f\u00e4llt es uns, euch mitteilen zu m\u00fcssen, dass die offizielle Freigabe noch nicht erfolgt ist.<\/p>\n\n\n\n<p><strong>Warum ist das so?<\/strong><br>Die Gemeindeverwaltung hat uns dazu informiert:<\/p>\n\n\n\n<p>\u201eAm Spielplatz Mozartstra\u00dfe wurde die Schiefstellung von Teilen einer Mauer den zust\u00e4ndigen Beh\u00f6rden gemeldet, die das pr\u00fcfen. Der Spielplatz kann deshalb noch nicht ge\u00f6ffnet werden.\u201c<\/p>\n\n\n\n<p><strong>Wir sind dar\u00fcber sehr traurig.<\/strong><strong><\/strong><\/p>\n\n\n\n<p>Denn: Die Planung, Genehmigung, Umsetzung, T\u00dcV-Abnahme und die Ausgestaltung des Betriebsrahmens sind vollst\u00e4ndig abgeschlossen.<\/p>\n\n\n\n<p><strong>Das sorgt \u2013 verst\u00e4ndlicherweise \u2013 f\u00fcr viele Nachfragen.<\/strong><strong><\/strong><\/p>\n\n\n\n<p>T\u00e4glich erreichen uns Nachrichten, wann es endlich losgeht \u2013 und wir k\u00f6nnen eure Ungeduld absolut nachvollziehen. Auch wir sind entt\u00e4uscht, dass nach so viel ehrenamtlicher Arbeit noch nicht gespielt, getobt und gelacht werden darf. Umso wichtiger ist es uns, euch zu sagen:<\/p>\n\n\n\n<p>Wir setzen alles daran, dass der Spielplatz so schnell wie m\u00f6glich offiziell er\u00f6ffnet werden kann. Wir arbeiten gemeinsam mit der Verwaltung mit Nachdruck daran, dass die Freigabe schnellstm\u00f6glich erteilt werden kann. Sobald es soweit ist, feiern wir mit euch die gro\u00dfe Er\u00f6ffnung \u2013 das versprechen wir euch schon jetzt!<\/p>\n\n\n\n<p><strong>Was uns aber Sorgen bereitet:<\/strong><strong><\/strong><\/p>\n\n\n\n<p>Immer wieder betreten einzelne Personen bereits jetzt das Gel\u00e4nde, obwohl dieses deutlich abgesperrt ist. Das kann gef\u00e4hrlich sein \u2013 und erschwert die finale Freigabe zus\u00e4tzlich. Wir bitten deshalb alle: Bitte habt noch ein wenig Geduld \u2013 und helft mit, das Projekt nicht kurz vor dem Ziel zu gef\u00e4hrden.<\/p>\n\n\n\n<p><strong>Was ihr tun k\u00f6nnt \u2013 und was bis dahin passiert:<br>Mitmach-Aktion bis zur Er\u00f6ffnung<\/strong><\/p>\n\n\n\n<p>Bis zur offiziellen Er\u00f6ffnung m\u00f6chten wir gemeinsam mit euch schon etwas sichtbar werden lassen:<\/p>\n\n\n\n<p>Wir laden alle Kinder (und gerne auch kreative Erwachsene) ein, eine Zaunplanke zu gestalten. Diese Planken werden von au\u00dfen zug\u00e4nglich auf dem Spielplatz bereitgestellt und k\u00f6nnen zu Hause bemalt, signiert und gestaltet werden. Abgabe ist in der St.-Alban-Stra\u00dfe 19.<\/p>\n\n\n\n<p>Jede einzelne Planke wird sp\u00e4ter ein Teil des Spielplatzes \u2013 als Zeichen f\u00fcr das Engagement und die Kreativit\u00e4t unseres Ortes.<\/p>\n\n\n\n<p><strong>Und noch etwas liegt uns am Herzen:<\/strong><strong><\/strong><\/p>\n\n\n\n<p>Ein riesiges DANKE an alle, die mitgewirkt, gespendet, geschleppt, gebohrt, gestrichen und motiviert haben. Ohne euch w\u00e4re dieses Projekt nie m\u00f6glich gewesen. Ihr habt gezeigt, was Ehrenamt bewirken kann.<\/p>\n\n\n\n<p>Habt ihr Fragen zum Projekt oder zur aktuellen Situation? Meldet euch gerne bei uns.<br>Nachlesen k\u00f6nnt ihr Konzept, Bauma\u00dfnahmen und Projekt unter<br>https:\/\/dfv-undenheim.de\/?page_id=114<\/p>\n\n\n\n<p>Wir halten euch weiter auf dem Laufenden \u2013 und freuen uns schon jetzt auf die Einweihung, die wir mit euch allen feiern wollen.<\/p>\n\n\n\n<p>&#8212;&#8212;&#8212;&#8212;&#8212;&#8212;&#8212;&#8212;&#8212;&#8212;<\/p>\n\n\n\n<p class=\"has-large-font-size\">Spielplatz zum kleinen Undo<\/p>\n\n\n\n<p>Seit einigen Jahren setzen wir uns als Dorff\u00f6rderverein daf\u00fcr ein, die Undenheimer Spielpl\u00e4tze zu erneuern und aufzuwerten.<\/p>\n\n\n\n<p class=\"has-vivid-green-cyan-background-color has-background\">F\u00fcr den Spielplatz an der Mozartstra\u00dfe haben wir mit viel Herzblut ein ganz besonderes Konzept umgesetzt:<\/p>\n\n\n\n<p><strong>Motivation<\/strong><br>Die steril neben der Schaukel aufgestellten Rutsche, deren Leiter nur von gr\u00f6\u00dferen Kindern bew\u00e4ltigt werden konnte, soll in einen H\u00fcgel integriert werden, damit Kinder jeder Altersklasse die Rutsche erobern und genie\u00dfen k\u00f6nnen.<\/p>\n\n\n\n<p><strong>Konzept<\/strong><\/p>\n\n\n\n<ul class=\"wp-block-list\">\n<li>Die Idee eines Indianerdorfs mit H\u00fcgel, Kletternetz, Pr\u00e4riepferden, Barfu\u00dfpfad, Sandspielbereich und einem bewohnbaren Tippidorf.<\/li>\n\n\n\n<li>Die urspr\u00fcnglich isoliert stehende Rutsche wurde in einen H\u00fcgel integriert, der nun Sichtschutz, R\u00fcckzugsort, Spiel- und Aufenthaltsraum zugleich ist.<\/li>\n\n\n\n<li>Der H\u00fcgel er\u00f6ffnet neue Perspektiven auf den Platz, l\u00e4dt zum Erkunden und Verstecken ein und wird durch ein neues Kletternetz als zentralen Erlebnisraum erg\u00e4nzt.<\/li>\n\n\n\n<li>Das gesamte Gel\u00e4nde wurde naturnah gestaltet \u2013 mit Bepflanzung, Holzmaterialien und liebevoll eingebauten Spielbereichen.<\/li>\n<\/ul>\n\n\n\n<p><strong>Elemente<\/strong><\/p>\n\n\n\n<ul class=\"wp-block-list\">\n<li><strong><mark style=\"background-color:rgba(0, 0, 0, 0)\" class=\"has-inline-color has-vivid-green-cyan-color\">H\u00fcgel<\/mark><\/strong>: der H\u00fcgel vereint verschiedenste Eroberungsm\u00f6glichkeiten<br>und unterst\u00fctzt die verschiedenen   Lagerwelten des Indianerdorfes:\n<ul class=\"wp-block-list\">\n<li>F\u00fcr die Kleinsten unser H\u00fcgelpfad oder auch die Rundholztreppe, die aus der alten Pergola des Gel\u00e4ndes erstellt wurden \u2013 auf allen Vieren oder im aufrechten Gang <\/li>\n\n\n\n<li>der aufgrund von Trockenschaden und Holzwurm gef\u00e4llte Bergahorn bekam eine Spielaufgabe zur Eroberung des H\u00fcgels f\u00fcr die Wagemutigeren \u2013 Ziel ist es, nicht den Boden zu ber\u00fchren <\/li>\n\n\n\n<li>Die Boulderwand f\u00fcr alle, die sich etwas trauen \u2013 erst hochkommen egal wie, dann unter Verwendung von nur Bausteinen einer Farbe!? <\/li>\n\n\n\n<li>Seilaufgang \u2013 nicht nur ein spannendes Spielger\u00e4t, sondern auch ein kleines Trainingszentrum f\u00fcr K\u00f6rper, Geist und Miteinander.<\/li>\n<\/ul>\n<\/li>\n\n\n\n<li>Zus\u00e4tzlich wurde ein <strong><mark style=\"background-color:rgba(0, 0, 0, 0)\" class=\"has-inline-color has-vivid-green-cyan-color\">Kletternetz <\/mark><\/strong>installiert\n<ul class=\"wp-block-list\">\n<li>als Aussichtspunkt, zum Sp\u00e4hen, und als Pendant zum H\u00fcgel. Kraft, Koordination, Balance, K\u00f6rpergef\u00fchl, Probleml\u00f6sen, Selbstbewusstsein und Sozialverhalten.<\/li>\n<\/ul>\n<\/li>\n\n\n\n<li>Die <strong><mark style=\"background-color:rgba(0, 0, 0, 0)\" class=\"has-inline-color has-vivid-green-cyan-color\">Pferde <\/mark><\/strong>sind auf ihrem Heimweg \u00fcber die Pr\u00e4rie zum Dorf<\/li>\n\n\n\n<li>und ein <strong><mark style=\"background-color:rgba(0, 0, 0, 0)\" class=\"has-inline-color has-vivid-green-cyan-color\">Barfu\u00dfpfad <\/mark><\/strong>l\u00e4sst das Laufen auf nackten F\u00fc\u00dfen zum Erlebnis werden.<\/li>\n\n\n\n<li>im <strong><mark style=\"background-color:rgba(0, 0, 0, 0)\" class=\"has-inline-color has-vivid-green-cyan-color\">Tippidorf <\/mark><\/strong>kann gewohnt, gekocht und gelebt werden<\/li>\n\n\n\n<li>mit <strong><mark style=\"background-color:rgba(0, 0, 0, 0)\" class=\"has-inline-color has-vivid-green-cyan-color\">Baukl\u00f6tzen <\/mark><\/strong>k\u00f6nnen neue Welten erschaffen werden<\/li>\n\n\n\n<li>Auch der <strong><mark style=\"background-color:rgba(0, 0, 0, 0)\" class=\"has-inline-color has-vivid-green-cyan-color\">Sandkasten <\/mark><\/strong>bietet einen Raum f\u00fcr Haptik und Kreativit\u00e4t<\/li>\n<\/ul>\n\n\n\n<p class=\"has-vivid-green-cyan-background-color has-background\">Was uns besonders stolz macht:<br>Das gesamte Projekt wurde rein ehrenamtlich realisiert.<\/p>\n\n\n\n<p>In zahlreichen Arbeitseins\u00e4tzen, mit vielen helfenden H\u00e4nden in einem halben Dutzend Arbeitseins\u00e4tzen, mit lokalem Know-how, schwerem Ger\u00e4t, Sachspenden und gro\u00dfem Engagement \u2013 von der Planung bis zur T\u00dcV-Abnahme.<\/p>\n\n\n\n<p>Unser Dank gilt:<\/p>\n\n\n\n<ul class=\"wp-block-list\">\n<li>der Firma Horn und Biedenbender f\u00fcr die umfangreiche Unterst\u00fctzung bei Bau und Material,<\/li>\n\n\n\n<li>der Firma Schott,<\/li>\n\n\n\n<li>dem Bauhof f\u00fcr die herzliche Zusammenarbeit,<\/li>\n\n\n\n<li>der Gemeindeverwaltung, die uns Planung und Umsetzung in Eigenregie erm\u00f6glicht hat,<\/li>\n\n\n\n<li>den gro\u00dfz\u00fcgigen Sach-Spenderinnen und Spendern <br>(u.a. Weingut Sparrm\u00fchle, Weingut Best, Martina Schaack),<\/li>\n\n\n\n<li>den Nachbarn, die uns mit Strom, Wasser, Parkpl\u00e4tzen, Getr\u00e4nken, lieben Worten und offenen T\u00fcren unterst\u00fctzt haben \u2013 bis hin zu Einladungen zum Essen.<\/li>\n\n\n\n<li>und ganz besonders: den direkten Nachbarn, die trotz der Eingriffe direkt vor ihrer Haust\u00fcr und der st\u00e4ndigen Baut\u00e4tigkeit immer freundlich, kooperativ und vor allem entgegengekommend sind.<\/li>\n<\/ul>\n\n\n\n<p>Dank eurer Hilfe konnten wir viele Materialien wiederverwenden und nat\u00fcrlich gestalten:<\/p>\n\n\n\n<p>Eine alte Pergola wurde zum H\u00fcgelpfad, ein gef\u00e4llter Bergahorn lebt als Spielger\u00e4t weiter, neue M\u00f6bel entstanden aus gespendetem Holz \u2013 und die alten B\u00e4nke erstrahlen renoviert in neuem Glanz.<\/p>\n\n\n\n<figure class=\"wp-block-image size-large\"><img loading=\"lazy\" decoding=\"async\" width=\"1024\" height=\"474\" src=\"https:\/\/dfv-undenheim.de\/wp-content\/uploads\/2025\/05\/Fotos-Bauabschnitt-01-1024x474.png\" alt=\"\" class=\"wp-image-2947\" srcset=\"https:\/\/dfv-undenheim.de\/wp-content\/uploads\/2025\/05\/Fotos-Bauabschnitt-01-1024x474.png 1024w, https:\/\/dfv-undenheim.de\/wp-content\/uploads\/2025\/05\/Fotos-Bauabschnitt-01-300x139.png 300w, https:\/\/dfv-undenheim.de\/wp-content\/uploads\/2025\/05\/Fotos-Bauabschnitt-01-768x355.png 768w, https:\/\/dfv-undenheim.de\/wp-content\/uploads\/2025\/05\/Fotos-Bauabschnitt-01-1536x711.png 1536w, https:\/\/dfv-undenheim.de\/wp-content\/uploads\/2025\/05\/Fotos-Bauabschnitt-01.png 1790w\" sizes=\"auto, (max-width: 1024px) 100vw, 1024px\" \/><\/figure>\n\n\n\n<figure class=\"wp-block-image size-large\"><img loading=\"lazy\" decoding=\"async\" width=\"1024\" height=\"766\" src=\"https:\/\/dfv-undenheim.de\/wp-content\/uploads\/2025\/05\/Fotos-Bauabschnitt-02-1024x766.png\" alt=\"\" class=\"wp-image-2966\" srcset=\"https:\/\/dfv-undenheim.de\/wp-content\/uploads\/2025\/05\/Fotos-Bauabschnitt-02-1024x766.png 1024w, https:\/\/dfv-undenheim.de\/wp-content\/uploads\/2025\/05\/Fotos-Bauabschnitt-02-300x225.png 300w, https:\/\/dfv-undenheim.de\/wp-content\/uploads\/2025\/05\/Fotos-Bauabschnitt-02-768x575.png 768w, https:\/\/dfv-undenheim.de\/wp-content\/uploads\/2025\/05\/Fotos-Bauabschnitt-02-1536x1150.png 1536w, https:\/\/dfv-undenheim.de\/wp-content\/uploads\/2025\/05\/Fotos-Bauabschnitt-02.png 1888w\" sizes=\"auto, (max-width: 1024px) 100vw, 1024px\" \/><\/figure>\n\n\n\n<p class=\"has-medium-font-size\"><strong>Namensgebung<\/strong> &#8211; Einordnung und Hintergrund<\/p>\n\n\n\n<p>\u201eIndianerdorf zum kleinen Undo\u201c \u2013 ein Ort f\u00fcr Fantasie und freies Spiel<\/p>\n\n\n\n<p>Der Spielplatz an der Mozartstra\u00dfe wurde unter dem Namen \u201eIndianerdorf zum kleinen Undo\u201c gestaltet. Die Idee dahinter: ein fantasievoller Ort, an dem Kinder in eine Welt voller Natur, Gemeinschaft und Abenteuer eintauchen k\u00f6nnen. Inspiriert von typischen Elementen wie Tipis, Spielh\u00fcgeln, Lagerpl\u00e4tzen und einem Barfu\u00dfpfad entstand ein thematischer Spielraum, der zum kreativen Rollenspiel einl\u00e4dt.<\/p>\n\n\n\n<p>Uns als Dorff\u00f6rderverein ist bewusst, dass der Begriff \u201eIndianer\u201c heute zunehmend kritisch betrachtet wird. Er fasst die Vielfalt indigener Kulturen Nordamerikas unter einem vereinheitlichenden Namen zusammen, der historisch von au\u00dfen gegeben wurde. Viele Menschen mit indigenen Wurzeln empfinden diese Bezeichnung \u2013 insbesondere in Verbindung mit klischeehaften Darstellungen \u2013 als nicht respektvoll oder verletzend.<\/p>\n\n\n\n<p>Unser Spielplatz soll kein Abbild realer Kulturen sein, sondern eine frei erfundene, spielerische Fantasiewelt, die auf Abenteuer, Naturerleben und Gemeinschaft ausgerichtet ist. Der Zusatz \u201ezum kleinen Undo\u201c verweist bewusst auf eine eigene, fiktive Identit\u00e4t, losgel\u00f6st von konkreten ethnischen Gruppen oder historischen Zusammenh\u00e4ngen.<\/p>\n\n\n\n<p>Wir m\u00f6chten mit diesem Hinweis sensibel mit Sprache und Gestaltung umgehen und betonen:<\/p>\n\n\n\n<p>Dieses \u201eDorf\u201c ist ein Ort f\u00fcr alle Kinder \u2013 unabh\u00e4ngig von Herkunft, Hautfarbe oder kulturellem Hintergrund.<\/p>\n\n\n\n<p>Wir freuen uns \u00fcber R\u00fcckmeldungen und Anregungen \u2013 denn dieser Platz soll nicht nur ein Spielort, sondern auch ein Lern- und Begegnungsraum sein.<\/p>\n\n\n\n<div class=\"wp-block-columns is-layout-flex wp-container-core-columns-is-layout-28f84493 wp-block-columns-is-layout-flex\">\n<div class=\"wp-block-column is-layout-flow wp-block-column-is-layout-flow\">\n<p class=\"has-large-font-size\"><strong>Fortlaufende Projekte<\/strong><\/p>\n\n\n\n<p><strong><span style=\"color:#77933c\" class=\"has-inline-color\">Beetpatenschaften<\/span><\/strong><\/p>\n\n\n\n<p>Man kann gar nicht genug sch\u00e4tzen, wie sch\u00f6n es auch vor der eigenen Haust\u00fcr sein kann. Der gro\u00dfe Kastanienbaum, der auf dem Gr\u00fcnstreifen gepflanzt wurde und gerade so herrlich bl\u00fcht, die vielen Fr\u00fchlingsblumen in der Baumscheibe, die nicht nur uns, sondern auch die Bienen und Schmetterlinge erfreuen.<\/p>\n\n\n\n<p>Es gibt aber noch viele Baumscheiben und Gr\u00fcnstreifen in Undenheim, die einen pflegenden, gr\u00fcnen Daumen n\u00f6tig h\u00e4tten und deren B\u00e4ume und Str\u00e4ucher sich \u00fcber Sauberkeit und zus\u00e4tzliches Wasser freuen. M\u00f6chten Sie ein St\u00fcck Natur vor Ihrer Haust\u00fcr hegen und pflegen und dazu beitragen das Ortsbild zu versch\u00f6nern? Der Undenheimer Dorff\u00f6rderverein sucht engagierte B\u00fcrgerinnen und B\u00fcrger, die eine Patenschaft f\u00fcr ein Baumbeet oder eine Gr\u00fcnfl\u00e4che \u00fcbernehmen m\u00f6chten.<\/p>\n\n\n\n<p>Wer sich bereit erkl\u00e4rt, eine Beetpatenschaft zu \u00fcbernehmen, erh\u00e4lt vom Dorff\u00f6rderverein zur Bepflanzung \u201eseines\u201c Beetes einmalig einen Gutschein in H\u00f6he von 10 Euro bei Anjas Blumenecke als kleines Dankesch\u00f6n. Vielen Dank f\u00fcr die Undenheimer B\u00fcrgerinnen und B\u00fcrger, die schon eine Beetpatenschaft \u00fcbernommen haben. Auch sie erhalten einmalig einen Gutschein, falls sie ihr Beet neu bepflanzen m\u00f6chten.<\/p>\n\n\n\n<p>Bei Interesse wenden Sie sich bitte an uns:<br>Beetpatenschaften(at)Dorff\u00f6rderverein-Undenheim.de<br>Isabel Tautph\u00e4us +49 172 825 8 020<\/p>\n\n\n\n<p>Wir freuen uns \u00fcber m\u00f6glichst viele Interessenten und \u00fcber ein gr\u00fcnes, bl\u00fchendes Undenheim.<\/p>\n<\/div>\n\n\n\n<div class=\"wp-block-column is-layout-flow wp-block-column-is-layout-flow\">\n<p class=\"has-large-font-size\"><strong>Einzelprojekte<\/strong><\/p>\n\n\n\n<p><strong><span style=\"color:#77933c\" class=\"has-inline-color\">2020-2021 Teilnahme an der Dorfmoderation<\/span><\/strong><\/p>\n\n\n\n<p>Undenheim hat sich zu einer Dorfmoderation entschlossen, um die weiteren Schritte der Dorfentwicklung gemeinsam mit allen Bev\u00f6lkerungsgruppen und unter der Moderation und Beratung von Frau Franzen zu erarbeiten.<\/p>\n\n\n\n<p>Ausgehend von den Themen Umfrage sind verschiedene Arbeitsgruppen angedacht. Der Dorff\u00f6rderverein freut sich auf die gemeinsamen Sitzungen.<\/p>\n\n\n\n<p><strong><span style=\"color:#77933c\" class=\"has-inline-color\">2020-2021 Spielplatz Mozartstra\u00dfe<\/span><\/strong><\/p>\n\n\n\n<p>Bereits seit Beginn des Jahres 2020 hat der Dorff\u00f6rderverein ein neues Projekt auf seiner Agenda: der Spielplatz in der Mozartstra\u00dfe\/ Ecke Staatsrat-Schwamb-Stra\u00dfe soll in ein kleines Indianerdorf verwandelt werden. Der Dorff\u00f6rderverein plant die Aufstellung von zwei Holz-Pferden und zwei Tipis. Au\u00dferdem sollen eine Feuerstelle sowie Balancier- und Kletterm\u00f6glichkeiten entstehen. Auch ein kleiner Barfu\u00dfpfad ist in Planung&nbsp; &#8211; und nat\u00fcrlich gen\u00fcgend Platz zum Toben, Spielen und Verstecken. Die Kreisverwaltung Mainz-Bingen hat f\u00fcr den Spielplatz 4.123 \u20ac aus Mitteln der Ehrenamtsf\u00f6rderung bewilligt. Der Realisierung dieser Pl\u00e4ne kam dann aber leider die Corona-Pandemie in die Quere, die Arbeiten mussten wegen der geltenden Kontaktbeschr\u00e4nkungen ausgesetzt werden.<\/p>\n\n\n\n<p>Zumindest konnte im Oktober 2020 aber eine gro\u00dfe Aufr\u00e4umaktion stattfinden. Bevor weitere Arbeiten in Angriff genommen werden konnten, gab es dann leider einen zweiten Lockdown.<\/p>\n\n\n\n<p>In Zukunft tr\u00e4umt der Dorff\u00f6rderverein noch von einem Rutschen-Berg mit \u201eunterirdischem Tunnelsystem\u201c im vorderen Teil des Spielplatzes<\/p>\n\n\n\n<p><strong><span style=\"color:#77933c\" class=\"has-inline-color\">2018-2019 Spielplatz Wei\u00dfm\u00fchlweg<\/span><\/strong><\/p>\n\n\n\n<p>Es war einmal\u2026 ein in die Jahre gekommener Spielplatz im Wei\u00dfm\u00fchlweg, der als solcher kaum noch zu erkennen war, sowie junge Eltern, die das \u00e4ndern wollten und daf\u00fcr noch Unterst\u00fctzung suchten. Aus der ersten Idee einer Elterninitiative entstand binnen k\u00fcrzester Zeit der Dorff\u00f6rderverein. Im November 2018 begannen die Arbeiten am Spielplatz und bereits im April 2019 war es so weit: Zahlreiche Undenheimer, vor allem nat\u00fcrlich die Kleinsten, hatten sich bei sch\u00f6nstem April-Wetter auf dem neu gestalteten Spielplatz im Wei\u00dfm\u00fchlweg zu dessen offizieller Einweihung eingefunden. Es wurden eine Wippe, ein Spielehaus und ein Kletterturm mit Rutsche neu errichtet.<\/p>\n\n\n\n<p>Dem Dorff\u00f6rderverein wurden aus dem Ehrenamtsf\u00f6rder-Programm des Landkreises Mainz-Bingen 4.200 Euro f\u00fcr Sanierungsarbeiten des Spielplatzes bewilligt. Zus\u00e4tzlich mussten \u00fcber 150 ehrenamtliche Arbeitsstunden geleistet werden. Diese Zahl wurde Dank des unerm\u00fcdlichen Einsatzes zahlreicher Helfer bei Weitem \u00fcbertroffen.<\/p>\n<\/div>\n<\/div>\n","protected":false},"excerpt":{"rendered":"<p>Update Das Sanierungskonzept wurde vom Denkmalschutz freigegeben. Der Abriss soll Mitte Juni 2026 beginnen und dann St\u00fcck f\u00fcr St\u00fcck wieder aufgebaut werden. Aktuelle Situation Spielplatz zum kleinen Undo Liebe Kinder, liebe Undenheimerinnen und Undenheimer,liebe Unterst\u00fctzerinnen und Unterst\u00fctzer unseres Spielplatzprojekts, wir<\/p>\n","protected":false},"author":1,"featured_media":0,"parent":0,"menu_order":0,"comment_status":"closed","ping_status":"closed","template":"","meta":{"footnotes":""},"class_list":["post-114","page","type-page","status-publish","hentry","","tg-column-two"],"aioseo_notices":[],"_links":{"self":[{"href":"https:\/\/dfv-undenheim.de\/index.php?rest_route=\/wp\/v2\/pages\/114","targetHints":{"allow":["GET"]}}],"collection":[{"href":"https:\/\/dfv-undenheim.de\/index.php?rest_route=\/wp\/v2\/pages"}],"about":[{"href":"https:\/\/dfv-undenheim.de\/index.php?rest_route=\/wp\/v2\/types\/page"}],"author":[{"embeddable":true,"href":"https:\/\/dfv-undenheim.de\/index.php?rest_route=\/wp\/v2\/users\/1"}],"replies":[{"embeddable":true,"href":"https:\/\/dfv-undenheim.de\/index.php?rest_route=%2Fwp%2Fv2%2Fcomments&post=114"}],"version-history":[{"count":25,"href":"https:\/\/dfv-undenheim.de\/index.php?rest_route=\/wp\/v2\/pages\/114\/revisions"}],"predecessor-version":[{"id":3341,"href":"https:\/\/dfv-undenheim.de\/index.php?rest_route=\/wp\/v2\/pages\/114\/revisions\/3341"}],"wp:attachment":[{"href":"https:\/\/dfv-undenheim.de\/index.php?rest_route=%2Fwp%2Fv2%2Fmedia&parent=114"}],"curies":[{"name":"wp","href":"https:\/\/api.w.org\/{rel}","templated":true}]}}