{"id":1309,"date":"2021-01-31T10:27:05","date_gmt":"2021-01-31T08:27:05","guid":{"rendered":"https:\/\/dfv-undenheim.de\/?page_id=1309"},"modified":"2021-08-29T21:16:40","modified_gmt":"2021-08-29T19:16:40","slug":"wo-kommen-wir-her","status":"publish","type":"page","link":"https:\/\/dfv-undenheim.de\/?page_id=1309","title":{"rendered":"Wo kommen wir her?"},"content":{"rendered":"\n<p><\/p>\n\n\n\n<p class=\"has-text-color\" style=\"color:#77933c\"><strong><span style=\"color:#57595a\" class=\"has-inline-color\">Gr\u00fcndungsgrund<\/span><\/strong><br><span style=\"color:#77933c\" class=\"has-inline-color\"><strong>Im Jahr 2017<\/strong> <\/span><span style=\"color:#76797b\" class=\"has-inline-color\"> <\/span><span style=\"color:#57595a\" class=\"has-inline-color\">Es war einmal\u2026 ein in die Jahre gekommener Spielplatz im Wei\u00dfm\u00fchlweg, der als solcher kaum noch zu erkennen war, sowie junge Eltern, die das \u00e4ndern wollten und daf\u00fcr noch Unterst\u00fctzung suchten. Als Privatperson ist ein solches Projekt aus unterschiedlichen Gr\u00fcnden nicht zu stemmen&#8230;<a href=\"https:\/\/dfv-undenheim.de\/?p=1746\"> <\/a><\/span><span style=\"color:#6e7378\" class=\"has-inline-color\"><strong><a href=\"https:\/\/dfv-undenheim.de\/?p=1746\">[<\/a><\/strong><\/span><span style=\"color:#77933c\" class=\"has-inline-color\"><strong><a href=\"https:\/\/dfv-undenheim.de\/?p=1746\">Link]<\/a><\/strong><\/span><strong><a href=\"https:\/\/dfv-undenheim.de\/?p=1746\"><span style=\"color:#77933c\" class=\"has-inline-color\"><\/span><\/a><\/strong><\/p>\n\n\n\n<div class=\"wp-block-file\"><a href=\"https:\/\/dfv-undenheim.de\/wp-content\/uploads\/2021\/04\/hp05_Gru\u0308ndungssatzung_210208.pdf\"><span style=\"color:#77933c\" class=\"has-inline-color\">Gru\u0308ndungssatzung_210208<\/span><\/a><a href=\"https:\/\/dfv-undenheim.de\/wp-content\/uploads\/2021\/04\/hp05_Gru\u0308ndungssatzung_210208.pdf\" class=\"wp-block-file__button\" download>Herunterladen<\/a><\/div>\n\n\n\n<div class=\"wp-block-file\"><a href=\"https:\/\/dfv-undenheim.de\/wp-content\/uploads\/2021\/04\/hp05_Gru\u0308ndung-Dorffo\u0308rderverein-20180131-Plakat.pdf\"><span style=\"color:#77933c\" class=\"has-inline-color\">Gru\u0308ndung-Dorffo\u0308rderverein-20180131-Plakat<\/span><\/a><a href=\"https:\/\/dfv-undenheim.de\/wp-content\/uploads\/2021\/04\/hp05_Gru\u0308ndung-Dorffo\u0308rderverein-20180131-Plakat.pdf\" class=\"wp-block-file__button\" download>Herunterladen<\/a><\/div>\n\n\n\n<p><strong>Gr\u00fcndungsveranstaltung<\/strong><br><strong><span style=\"color:#77933c\" class=\"has-inline-color\">02.02.2018<\/span>, von Wolfgang Kr\u00f6hler <\/strong>Der Veranstaltungsort f\u00fcr die Gr\u00fcndung des \u201eDorff\u00f6rdervereins f\u00fcr die Gemeinde Undenheim\u201c hatte schon Symbolcharakter: Das Trauzimmer im Heimatmuseum. Dort, wo sich sonst Eheleute das Jawort geben und am Beginn der Gr\u00fcndung einer Familie stehen, wurde jetzt&#8230;<a href=\"https:\/\/dfv-undenheim.de\/?p=1753\"> <strong><span style=\"color:#77933c\" class=\"has-inline-color\">[Link]<\/span><\/strong><\/a><\/p>\n\n\n\n<p><strong>Gemeinn\u00fctzigkeit<\/strong><br><strong><span style=\"color:#77933c\" class=\"has-inline-color\">01.01.2022<\/span><\/strong> &nbsp;Ab Januar 2022 besteht die M\u00f6glichkeit zur Gemeinn\u00fctzigkeit. Gemeinn\u00fctzigkeit ist eine wichtige Voraussetzung daf\u00fcr, dass jeder B\u00fcrger, der dem Verein eine Zuwendung \/ Spende macht,diese gem\u00e4\u00df den gesetzlichen Bestimmungen bei seiner Einkommensteuer als Sonderausgabe&#8230;.<a href=\"https:\/\/dfv-undenheim.de\/?p=1759\"> <strong><span style=\"color:#77933c\" class=\"has-inline-color\">[Link]<\/span><\/strong><\/a><\/p>\n\n\n\n<p> <\/p>\n\n\n\n<p><\/p>\n\n\n\n<p>   <\/p>\n","protected":false},"excerpt":{"rendered":"<p>Gr\u00fcndungsgrundIm Jahr 2017 Es war einmal\u2026 ein in die Jahre gekommener Spielplatz im Wei\u00dfm\u00fchlweg, der als solcher kaum noch zu erkennen war, sowie junge Eltern, die das \u00e4ndern wollten und daf\u00fcr noch Unterst\u00fctzung suchten. Als Privatperson ist ein solches Projekt<\/p>\n","protected":false},"author":1,"featured_media":0,"parent":0,"menu_order":0,"comment_status":"closed","ping_status":"closed","template":"page-templates\/page-builder.php","meta":{"footnotes":""},"class_list":["post-1309","page","type-page","status-publish","hentry","","tg-column-two"],"aioseo_notices":[],"_links":{"self":[{"href":"https:\/\/dfv-undenheim.de\/index.php?rest_route=\/wp\/v2\/pages\/1309","targetHints":{"allow":["GET"]}}],"collection":[{"href":"https:\/\/dfv-undenheim.de\/index.php?rest_route=\/wp\/v2\/pages"}],"about":[{"href":"https:\/\/dfv-undenheim.de\/index.php?rest_route=\/wp\/v2\/types\/page"}],"author":[{"embeddable":true,"href":"https:\/\/dfv-undenheim.de\/index.php?rest_route=\/wp\/v2\/users\/1"}],"replies":[{"embeddable":true,"href":"https:\/\/dfv-undenheim.de\/index.php?rest_route=%2Fwp%2Fv2%2Fcomments&post=1309"}],"version-history":[{"count":37,"href":"https:\/\/dfv-undenheim.de\/index.php?rest_route=\/wp\/v2\/pages\/1309\/revisions"}],"predecessor-version":[{"id":1833,"href":"https:\/\/dfv-undenheim.de\/index.php?rest_route=\/wp\/v2\/pages\/1309\/revisions\/1833"}],"wp:attachment":[{"href":"https:\/\/dfv-undenheim.de\/index.php?rest_route=%2Fwp%2Fv2%2Fmedia&parent=1309"}],"curies":[{"name":"wp","href":"https:\/\/api.w.org\/{rel}","templated":true}]}}