{"id":1311,"date":"2021-01-31T10:27:31","date_gmt":"2021-01-31T08:27:31","guid":{"rendered":"https:\/\/dfv-undenheim.de\/?page_id=1311"},"modified":"2021-06-13T00:31:55","modified_gmt":"2021-06-12T22:31:55","slug":"mitgliedschaft","status":"publish","type":"page","link":"https:\/\/dfv-undenheim.de\/?page_id=1311","title":{"rendered":"Mitgliedschaft"},"content":{"rendered":"\n<div class=\"wp-block-media-text alignwide is-stacked-on-mobile is-vertically-aligned-top\"><figure class=\"wp-block-media-text__media\"><img loading=\"lazy\" decoding=\"async\" width=\"300\" height=\"252\" src=\"https:\/\/dfv-undenheim.de\/wp-content\/uploads\/2021\/02\/Mitgliedschaft_hp6_210209-300x252.png\" alt=\"\" class=\"wp-image-1490 size-medium\" srcset=\"https:\/\/dfv-undenheim.de\/wp-content\/uploads\/2021\/02\/Mitgliedschaft_hp6_210209-300x252.png 300w, https:\/\/dfv-undenheim.de\/wp-content\/uploads\/2021\/02\/Mitgliedschaft_hp6_210209.png 585w\" sizes=\"auto, (max-width: 300px) 100vw, 300px\" \/><\/figure><div class=\"wp-block-media-text__content\">\n<p> <\/p>\n\n\n\n<p><strong>Werde Mitglied&#8230;.<\/strong><\/p>\n\n\n\n<p>Hauptziel des Dorff\u00f6rdervereins ist die St\u00e4rkung des gemeinsamen b\u00fcrgerschaftlichen Engagements. Wir m\u00f6chten mit Ihnen gemeinsam in Undenheim in Angriff nehmen, was Undenheim braucht. Wir w\u00fcnschen uns, dass alle Undenheimer Mitglied im Dorff\u00f6rderverein werden. Daher legen wir gro\u00dfen Wert darauf, dass wir politisch, konfessionell und weltanschaulich unabh\u00e4ngig und pluralistisch sind, damit sich jeder zu Hause f\u00fchlen kann.<\/p>\n\n\n\n<p>Jeder kann f\u00fcr sich entscheiden, wie er unsere Projekte am besten unterst\u00fctzen kann: Engagement im Vorstand oder Teilnahme an Arbeitseins\u00e4tzen, Bereitstellung von Expertisen, Vorschl\u00e4ge, konstruktive Kritik, Teilnahme an unseren Veranstaltungen oder Spenden \u2013 alles ist willkommen.<\/p>\n\n\n\n<p>Ihre Mitgliederbeitr\u00e4ge k\u00f6nnen in der H\u00f6he von Ihnen selbst bestimmen werden und werden einmal im Jahr im Fr\u00fchjahr abgebucht.<\/p>\n\n\n\n<p>Aktuelle Mitgliederanzahl mit Stand <br>Februar 2021: 79 Mitglieder<\/p>\n<\/div><\/div>\n","protected":false},"excerpt":{"rendered":"<p>Werde Mitglied&#8230;. Hauptziel des Dorff\u00f6rdervereins ist die St\u00e4rkung des gemeinsamen b\u00fcrgerschaftlichen Engagements. Wir m\u00f6chten mit Ihnen gemeinsam in Undenheim in Angriff nehmen, was Undenheim braucht. Wir w\u00fcnschen uns, dass alle Undenheimer Mitglied im Dorff\u00f6rderverein werden. Daher legen wir gro\u00dfen Wert<\/p>\n","protected":false},"author":1,"featured_media":0,"parent":0,"menu_order":0,"comment_status":"closed","ping_status":"closed","template":"templates\/builder-fullwidth-std.php","meta":{"footnotes":""},"class_list":["post-1311","page","type-page","status-publish","hentry","","tg-column-two"],"aioseo_notices":[],"_links":{"self":[{"href":"https:\/\/dfv-undenheim.de\/index.php?rest_route=\/wp\/v2\/pages\/1311","targetHints":{"allow":["GET"]}}],"collection":[{"href":"https:\/\/dfv-undenheim.de\/index.php?rest_route=\/wp\/v2\/pages"}],"about":[{"href":"https:\/\/dfv-undenheim.de\/index.php?rest_route=\/wp\/v2\/types\/page"}],"author":[{"embeddable":true,"href":"https:\/\/dfv-undenheim.de\/index.php?rest_route=\/wp\/v2\/users\/1"}],"replies":[{"embeddable":true,"href":"https:\/\/dfv-undenheim.de\/index.php?rest_route=%2Fwp%2Fv2%2Fcomments&post=1311"}],"version-history":[{"count":10,"href":"https:\/\/dfv-undenheim.de\/index.php?rest_route=\/wp\/v2\/pages\/1311\/revisions"}],"predecessor-version":[{"id":1788,"href":"https:\/\/dfv-undenheim.de\/index.php?rest_route=\/wp\/v2\/pages\/1311\/revisions\/1788"}],"wp:attachment":[{"href":"https:\/\/dfv-undenheim.de\/index.php?rest_route=%2Fwp%2Fv2%2Fmedia&parent=1311"}],"curies":[{"name":"wp","href":"https:\/\/api.w.org\/{rel}","templated":true}]}}