{"id":1313,"date":"2021-01-31T10:28:12","date_gmt":"2021-01-31T08:28:12","guid":{"rendered":"https:\/\/dfv-undenheim.de\/?page_id=1313"},"modified":"2024-01-21T13:28:04","modified_gmt":"2024-01-21T12:28:04","slug":"satzung","status":"publish","type":"page","link":"https:\/\/dfv-undenheim.de\/?page_id=1313","title":{"rendered":"Satzung"},"content":{"rendered":"\n<hr class=\"wp-block-separator has-css-opacity\"\/>\n\n\n\n<p>DORFF\u00d6RDERVEREIN F\u00dcR DIE GEMEINDE UNDENHEIM e.V.<\/p>\n\n\n\n<p>Vereinssatzung<\/p>\n\n\n\n<p>Pr\u00e4ambel<br>Der DORFF\u00d6RDERVEREIN F\u00dcR DIE GEMEINDE UNDENHEIM e.V. ist ein Verein, der die<br>allgemeinen Belange des Dorfes unterst\u00fctzt. Zu den Aufgaben geh\u00f6rt die St\u00e4rkung des<br>b\u00fcrgerschaftlichen Engagements zugunsten gemeinn\u00fctziger Zwecke, des sozialen und<br>kulturellen Zusammenhalts der Bev\u00f6lkerung, die F\u00f6rderung des Zugeh\u00f6rigkeitsgef\u00fchls<br>der Mitb\u00fcrgerinnen und Mitb\u00fcrger zu ihrem Heimatort.<br>Weitere Aufgaben sind die Beschaffung von Sach- und Finanzmitteln zur F\u00f6rderung von<br>Zwecken, die der Gemeinschaft dienen und deren Unterst\u00fctzung sowie die Erhaltung<br>der d\u00f6rflichen Infrastruktur. Er soll dazu beitragen, das innere und \u00e4u\u00dfere<br>Erscheinungsbild des Ortes nachhaltig zu versch\u00f6nern.<br>Grundlegend legt dabei der DORFF\u00d6RDERVEREIN F\u00dcR DIE GEMEINDE UNDENHEIM e.V. Wert<\/p>\n\n\n\n<ul class=\"wp-block-list\">\n<li>&#8211; auf eine gute Zusammenarbeit mit kommunalen Vertretern und Einrichtungen.<\/li>\n\n\n\n<li>&#8211; auf eine gute Zusammenarbeit mit ortsans\u00e4ssigen Vereinen, Personen und<br>   Institutionen gleicher oder \u00e4hnlicher Zielsetzung<\/li>\n\n\n\n<li>&#8211; auf aktive Einbindung von Mitb\u00fcrgerInnen und insbesondere Neub\u00fcrgerInnen in<br>   die Gestaltung der Vereinsarbeit.<\/li>\n\n\n\n<li>&#8211; auf einen respektvollen und toleranten Umgang als Grundlage f\u00fcr ein friedliches<br>   und erfolgreiches Miteinander.<br>Der Verein ist politisch, konfessionell und weltanschaulich unabh\u00e4ngig und pluralistisch.<\/li>\n\n\n\n<li><br>In diesem Sinne gibt sich der DORFF\u00d6RDERVEREIN F\u00dcR DIE GEMEINDE UNDENHEIM e.V.<br>folgende Satzung:<\/li>\n\n\n\n<li><br>Satzung<br>\u00a71 Name, Sitz<br>\u00a7 2 Zweck des Vereins, Gemeinn\u00fctzigkeit<br>\u00a7 3 Mitgliedschaft<br>\u00a7 4 Rechte und Pflichten der Mitglieder<br>\u00a7 5 Beendigung der Mitgliedschaft<br>\u00a7 6 Vereinsorgane<br>\u00a7 7 Der Vorstand<br>\u00a7 8 Die Mitgliederversammlung<br>\u00a7 9 Antr\u00e4ge zur Mitgliederversammlung<br>\u00a7 10 Au\u00dferordentliche Mitgliederversammlung<\/li>\n\n\n\n<li>\u00a7 11 Online-Mitgliederversammlung<br>\u00a7 12 Inkrafttreten der Satzung<\/li>\n\n\n\n<li><br>\u00a71 Name, Sitz<br>1.1<br>Der Verein f\u00fchrt den Namen:<br>DORFF\u00d6RDERVEREIN F\u00dcR DIE GEMEINDE UNDENHEIM e.V.<br>1.2<br>Er hat seinen Sitz in 55278 Undenheim und ist unter der Registersache VR 41721 im<br>Vereinsregister beim Amtsgericht Mainz eingetragen.<br>1.3<br>Vereinsjahr ist das Kalenderjahr.<\/li>\n\n\n\n<li><br>\u00a7 2 Zweck des Vereins<br>2.1<br>Zweck und Ziel des Vereins ist es ausschlie\u00dflich und unmittelbar, das Leben in der<br>d\u00f6rflichen Gemeinschaft selbstlos zu f\u00f6rdern, ideelle Werte zu erhalten und Traditionen<br>zu pflegen:<br>a) die F\u00f6rderung der Kinder-, Jugend- und Seniorenarbeit in der Gemeinde<br>Der Satzungszweck wird verwirklicht insbesondere durch:<\/li>\n\n\n\n<li>Schaffung oder Erhalt von Freizeit-, Bewegungs-, Bildungs-, Kultur- und<br>Projektangeboten f\u00fcr unsere Kinder, Jugendliche und Seniorinnen\/Senioren in<br>der Gemeinde Undenheim zur Verbesserung ihres sozialen Miteinanders und<br>des Gemeinschaftsgef\u00fchls.<\/li>\n\n\n\n<li>Beitr\u00e4ge zur Gestaltung von jugend-\/seniorenfreundlichen Lebensbedingungen.<br>b) die F\u00f6rderung von Kunst ,Kultur und Brauchtum<br>Der Satzungszweck wird verwirklicht insbesondere durch:<\/li>\n\n\n\n<li>eine Anlauf- und Kommunikationsstelle f\u00fcr regionale MusikerInnen und<br>K\u00fcnstlerInnen, sowie eine Unterst\u00fctzung in gemeinschaftlicher<br>\u00d6ffentlichkeitsarbeit<\/li>\n\n\n\n<li>Ausstellungen im \u00f6ffentlichen wie auch nicht-\u00f6ffentlichen Raum, zur F\u00f6rderung<br>von Kunst und Kultur mit besonderem Schwerpunkt regionaler K\u00fcnstlerInnen<br>und unseres k\u00fcnstlerischen Nachwuchses<\/li>\n\n\n\n<li>Durchf\u00fchrung von Kulturveranstaltungen,<\/li>\n\n\n\n<li>F\u00f6rderung von Theater-Gruppen<\/li>\n\n\n\n<li>F\u00f6rderung des generations\u00fcbergreifenden Kunst- und Kulturaustausches.<br>c) die F\u00f6rderung des Naturschutzes und der Landschaftspflege<br>Der Satzungszweck wird verwirklicht insbesondere durch:<\/li>\n\n\n\n<li>F\u00f6rderung von naturp\u00e4dagogischen Projekten insbesondere in<br>Zusammenarbeit mit Schulen, Kindertagesst\u00e4tten und anderen Gruppen<\/li>\n\n\n\n<li>Vermittlung von Wissen, Interesse und Freude an der Natur und den<br>\u00f6kologischen Zusammenh\u00e4ngen durch direktes Erleben, Experimentieren und<br>Beobachten in der freien Natur, Vortr\u00e4ge, Workshops, F\u00fchrungen und<br>Veranstaltungen.<\/li>\n\n\n\n<li>Einbeziehung von SeniorInnen in naturp\u00e4dagogische Themen und<br>Zusammenh\u00e4nge sowie die Landschaftspflege<\/li>\n\n\n\n<li>F\u00f6rderung von \u00f6kologisch sinnvollem und nachhaltigem Handeln durch<br>Vortr\u00e4ge, Workshops und anderen geeigneten Aktivit\u00e4ten und Veranstaltungen<\/li>\n\n\n\n<li>F\u00f6rderung des verantwortungsvollen Umgangs mit Landschaftspflege \u00fcber den<br>eigenen Garten\/Balkon hinaus und damit verbunden F\u00f6rderung des<br>Gemeinwohls und des Gemeinschaftsgef\u00fchls.<br>d) Die F\u00f6rderung der Ortsversch\u00f6nerung und der Versch\u00f6nerung der Heimat, der<br>Heimatpflege und somit der gesamten Landeskultur<br>Der Satzungszweck wird verwirklicht insbesondere durch:<\/li>\n\n\n\n<li>Ma\u00dfnahmen f\u00fcr die Verbesserung der \u00f6rtlichen Lebensqualit\u00e4t und Gastlichkeit<br>im Dorf und dessen Gemarkung, wie zum Beispiel: Ein-richtung von<br>Erholungspl\u00e4tzen, Beetpatenschaften, Wanderwegen u.a.<br>e) Die F\u00f6rderung von Sport<br>Der Satzungszweck wird verwirklicht insbesondere durch:<\/li>\n\n\n\n<li>F\u00f6rderung von Sportinfrastruktur, die der Gemeinschaft unentgeltlich zur<br>k\u00f6rperlichen Ert\u00fcchtigung, dient.<br>f) F\u00f6rderung des b\u00fcrgerschaftlichen Engagements<br>zugunsten gemeinn\u00fctziger Zwecke.<br>Der Satzungszweck wird verwirklicht insbesondere durch:<\/li>\n\n\n\n<li>Aufkl\u00e4rung \u00fcber M\u00f6glichkeiten und Rahmenbedingungen ehrenamtlicher<br>T\u00e4tigkeiten durch Bildungsangebote und Erfahrungsaustausch<\/li>\n\n\n\n<li>Einbindung der B\u00fcrgerinnen und B\u00fcrger in ehrenamtliche Projekte zur<br>F\u00f6rderung des Gemeinwohls und des Gemeinschaftsgef\u00fchls<\/li>\n\n\n\n<li><br>2.2<br>S\u00e4mtliche genannten Satzungszwecke werden verwirklicht insbesondere durch:<\/li>\n\n\n\n<li>die Beschaffung, Erhaltung und F\u00f6rderung von Einrichtungen,<br>die der Gemeinschaft dienen<\/li>\n\n\n\n<li>die Beschaffung von Sach- und Finanzmittel sowie T\u00e4tigkeiten zur F\u00f6rderung<br>der genannten Zwecke, die der Gemeinschaft dienen<\/li>\n\n\n\n<li>dar\u00fcber hinaus erbringen die Vereinsmitglieder T\u00e4tigkeiten im Sinne des<br>Gemeinwohls von Undenheim.<\/li>\n\n\n\n<li><br>2.3<br>Der Verein verfolgt ausschlie\u00dflich und unmittelbar gemeinn\u00fctzige Zwecke im Sinne des<br>Abschnitts \u201eSteuerbeg\u00fcnstigte Zwecke\u201c der Abgabenordnung.<br>Er ist selbstlos t\u00e4tig; er verfolgt nicht in erster Linie eigenwirtschaftliche Zwecke.<\/li>\n\n\n\n<li><br>2.4<br>Die Mittel der K\u00f6rperschaft d\u00fcrfen nur f\u00fcr die satzungsm\u00e4\u00dfigen Zwecke verwendet<br>werden. Die Mitglieder erhalten keine Zuwendungen aus Mitteln der K\u00f6rperschaft.<br>Etwaige Auslagen von Mitgliedern werden jedoch erstattet.<br>Es darf keine Person durch Ausgaben, die dem Zweck des Vereins fremd sind oder<br>auch durch verh\u00e4ltnism\u00e4\u00dfig hohe Verg\u00fctungen beg\u00fcnstigt werden<br><\/li>\n\n\n\n<li>2.5<br>Bei Aufl\u00f6sung der K\u00f6rperschaft oder bei Wegfall steuerbeg\u00fcnstigter Zwecke f\u00e4llt das<br>Verm\u00f6gen der K\u00f6rperschaft an die Gemeinde Undenheim, die es unmittelbar und<br>ausschlie\u00dflich f\u00fcr gemeinn\u00fctzige Zwecke des \u00a7 2 dieser Satzung zu verwenden hat.<\/li>\n\n\n\n<li><br>\u00a7 3 Mitgliedschaft<br>3.1<br>Mitglied kann jede nat\u00fcrliche und juristische Person werden.<\/li>\n\n\n\n<li><br>3.2<br>Der Aufnahmeantrag bedarf der schriftlichen Form.<\/li>\n\n\n\n<li><br>3.3<br>\u00dcber den Aufnahmeantrag entscheidet der Vorstand. Gegen die Ablehnung des<br>Aufnahmeantrags durch den Vorstand kann der Antragsteller die<br>Mitgliederversammlung anrufen, diese entscheidet endg\u00fcltig.<br><\/li>\n\n\n\n<li>3.4<br>Minderj\u00e4hrige m\u00fcssen die Zustimmung ihres gesetzlichen Vertreters nachweisen.<\/li>\n\n\n\n<li><br>\u00a7 4 Rechte und Pflichten der Mitglieder<br>4.1<br>Die Mitglieder sind verpflichtet, die Bestrebungen und Interessen des Vereins nach<br>Kr\u00e4ften zu unterst\u00fctzen, sowie Beschl\u00fcsse und Anordnungen des Vereins zu befolgen.<\/li>\n\n\n\n<li><br>4.2<br>Die Mitglieder sind berechtigt, im Rahmen des Vereinszweckes die Einrichtungen des<br>Vereins zu benutzen und an den Veranstaltungen teilzunehmen.<br><\/li>\n\n\n\n<li>4.3<br>Alle Mitglieder haben in der Mitgliederversammlung gleiches Stimmrecht. Jugendliche<br>sind erst mit Vollendung des 16. Lebensjahres stimmberechtigt.<\/li>\n\n\n\n<li><br>4.4<br>Die Mitglieder sind zur Entrichtung von Mitgliedsbeitr\u00e4gen verpflichtet. Die H\u00f6he dieser<br>Beitr\u00e4ge sowie deren F\u00e4lligkeit werden durch die Mitgliederversammlung bestimmt. Der<br>bargeldlose Zahlungsverkehr ist anzustreben.<\/li>\n\n\n\n<li><br>\u00a7 5 Beendigung der Mitgliedschaft<br>5.1<br>Die Mitgliedschaft endet durch:<br>a) Tod<br>b) K\u00fcndigung<br>c) Ausschluss<\/li>\n\n\n\n<li><br>5.2<br>Die K\u00fcndigung kann nur zum Jahresende erfolgen und muss schriftlich bis zum 30.<br>September dem Vorstand vorliegen, andernfalls wird die Mitgliedschaft automatisch um<br>ein Jahr verl\u00e4ngert.<\/li>\n\n\n\n<li><br>5.3<br>Durch den Beschluss des Vorstandes kann ein Mitglied aus dem Verein<br>ausgeschlossen werden, wenn ein wichtiger Grund vorliegt.<br>Ausschlussgr\u00fcnde sind insbesondere:<br>a) grobe Verst\u00f6\u00dfe gegen die Satzung und die Interessen des Vereins, sowie gegen<br>Beschl\u00fcsse und Anordnungen der Vereinsorgane<br>b) unehrenhaftes Verhalten innerhalb und au\u00dferhalb des Vereins<\/li>\n\n\n\n<li><br>5.4<br>\u00dcber den Ausschluss entscheidet der Vorstand.<br>Vor der Entscheidung hat er dem Mitglied Gelegenheit zu geben, sich m\u00fcndlich oder<br>schriftlich zu \u00e4u\u00dfern. Hierzu ist das Mitglied unter Einhaltung einer Mindestfrist von 10<br>Tagen schriftlich aufzufordern. Die Entscheidung \u00fcber den Ausschluss ist schriftlich zu<br>begr\u00fcnden und dem Mitglied schriftlich mitzuteilen.<br>Gegen die Entscheidung ist die Berufung an die Mitgliederversammlung zul\u00e4ssig. Sie<br>muss schriftlich binnen drei Wochen ab Erhalt der Entscheidung eingelegt werden. Die<br>Mitgliederversammlung entscheidet endg\u00fcltig.<\/li>\n\n\n\n<li><br>5.5<br>Die Beendigung der Mitgliedschaft enthebt das bisherige Vereinsmitglied nicht von<br>seinen vor dem Ausscheiden entstandenen Verpflichtungen gegen\u00fcber dem Verein,<br>insbesondere nicht von der Entrichtung der bis zu diesem Zeitpunkt f\u00e4lligen Beitr\u00e4ge.<br>Das ausgeschiedene Mitglied hat keinen Anspruch auf das Vereinsverm\u00f6gen.<\/li>\n\n\n\n<li><br>\u00a7 6 Vereinsorgane<br>6.1<br>Die Organe des Vereins sind<br>a) der Vorstand<br>b) die Mitgliederversammlung<\/li>\n\n\n\n<li><br>\u00a7 7 Der Vorstand<br>7.1<br>Der Vorstand setzt sich zusammen aus:<br>a) der\/dem 1. Vorsitzenden<br>b) der\/dem 2. Vorsitzenden<br>c) der Schatzmeisterin \/ dem Schatzmeister<br>d) der Schriftf\u00fchrerin \/ dem Schriftf\u00fchrer<br>e) sowie mindestens einer Beisitzerin \/ einem Beisitzer<\/li>\n\n\n\n<li><br>7.2<br>Zwei Rechnungspr\u00fcferInnen werden gew\u00e4hlt, diese d\u00fcrfen nicht dem Vorstand<br>angeh\u00f6ren. Sie haben mindestens einmal im Jahr die Kasse zu pr\u00fcfen.<\/li>\n\n\n\n<li><br>7.3<br>Der Verein wird gerichtlich und au\u00dfergerichtlich vertreten durch: die\/den 1. Vorsitzende(<br>n) und die\/den 2. Vorsitzende(n). Jeder ist allein vertretungsberechtigt.<\/li>\n\n\n\n<li><br>7.4<br>Der Vorstand f\u00fchrt die Gesch\u00e4fte des Vereins nach Ma\u00dfgabe der Satzung und der<br>Beschl\u00fcsse der Mitgliederversammlung. \u00dcber seine T\u00e4tigkeit hat der Vorstand der<br>Mitgliederversammlung zu berichten.<br>Dem Vorstand ist gestattet, sich eine Gesch\u00e4ftsordnung zu geben, in der die Aufgaben<br>der einzelnen Vorstandsmitglieder geregelt werden.<br>Der Vorstand haftet nur bei Vorsatz und grober Fahrl\u00e4ssigkeit.<br>Dem Vorstand obliegt die Gesch\u00e4ftsleitung, die Ausf\u00fchrung von Beschl\u00fcssen und die<br>Verwaltung des Vereinsverm\u00f6gens. Der Vorstand wird<br>durch die\/den 1. Vorsitzende(n) oder bei dessen Verhinderung durch die\/den 2.<br>Vorsitzende(n) unter Mitteilung der Tagesordnung einberufen. Form und Frist der<br>Einberufung bestimmt der Vorstand.<br>Der Vorstand trifft alle erforderlichen Ma\u00dfnahmen und Entscheidungen mit einfacher<br>Stimmenmehrheit soweit die Satzung nichts anderes bestimmt. Er ist beschlussf\u00e4hig,<br>wenn mehr als die H\u00e4lfte der Vorstandsmitglieder anwesend ist.<\/li>\n\n\n\n<li><br>7.5<br>Der Vorstand und die Rechnungspr\u00fcfer werden von der Mitgliederversammlung f\u00fcr die<br>Dauer von 2 Jahren gew\u00e4hlt. Die Mitgliederversammlung bestimmt vor der Wahl der<br>BeisitzerInnen deren Anzahl. Nach Ablauf der Wahlperiode bleibt der Vorstand bis zur<br>Neuwahl im Amt. Vorstandsmitglieder k\u00f6nnen auch vor Ende der Wahlzeit ausscheiden,<br>oder aus wichtigem Grund von der Mitgliederversammlung mit Zweidrittelmehrheit<br>abberufen werden. Bei einem vorzeitigen Ausscheiden aus dem Amt kann eine Position<br>durch Beschluss des Vorstandes durch ein anderes Vorstandsmitglied bis zur n\u00e4chsten<br>Mitgliederversammlung kommissarisch bekleidet werden. Bei Ausscheiden eines<br>Vorstandsmitgliedes ist der Vorstand berechtigt, ein neues Vorstandsmitglied bis zur<br>n\u00e4chsten Wahl kommissarisch zu berufen.<\/li>\n\n\n\n<li><br>7.6<br>Gew\u00e4hlt werden k\u00f6nnen alle Mitglieder, die das 18. Lebensjahr vollendet haben.<\/li>\n\n\n\n<li><br>\u00a7 8 Die Mitgliederversammlung<br>8.1<br>Die Mitgliederversammlung beschlie\u00dft \u00fcber<br>a) Satzungs\u00e4nderungen<br>b) Festsetzung der Mitgliedsbeitr\u00e4ge<br>c) Entlastung und Neuwahl des Vorstandes<br>d) Antr\u00e4ge des Vorstandes und der Mitglieder<br>e) Aufl\u00f6sung des Vereins<\/li>\n\n\n\n<li><br>8.2<br>Die ordentliche Mitgliederversammlung findet einmal im Jahr statt. Die Einberufung<br>erfolgt in textlicher Form per E-Mail oder auf dem Postweg, unter Einhaltung einer Frist<br>von 2 Wochen, Bekanntgabe des Versammlungsortes, des Zeitpunktes und der<br>Tagesordnung. In dringenden F\u00e4llen kann mit verk\u00fcrzter Frist von vier Tagen<br>eingeladen werden. Hierf\u00fcr ist die nachtr\u00e4gliche Genehmigung der<br>Mitgliederversammlung einzuholen.<\/li>\n\n\n\n<li><br>8.3<br>Die Mitgliederversammlung nimmt den Gesch\u00e4fts &#8211; und Kassenbericht entgegen, erteilt<br>die Entlastung und w\u00e4hlt den Vorstand.<\/li>\n\n\n\n<li><br>8.4<br>Die Mitgliederversammlung wird von der\/vom 1. Vorsitzenden, bei deren\/dessen<br>Verhinderung von der\/vom 2. Vorsitzenden geleitet.<\/li>\n\n\n\n<li><br>8.5<br>Die Mitgliederversammlung beschlie\u00dft mit der einfachen Stimmenmehrheit ohne<br>R\u00fccksicht auf die Zahl der anwesenden Mitglieder.<br><\/li>\n\n\n\n<li>8.6<br>Bei Beschl\u00fcssen \u00fcber die \u00c4nderung der Satzung ist eine 2\/3 \u2013 Mehrheit der<br>anwesenden Mitglieder erforderlich.<\/li>\n\n\n\n<li><br>8.7<br>F\u00fcr einen Beschluss zur Aufl\u00f6sung des Vereins ist eine 50%ige Anwesenheit der<br>Mitglieder mit einer 3\/4 &#8211; Mehrheit der abgegebenen Stimmen der anwesenden<br>Mitglieder erforderlich.<br>Sollte diese 50% nicht erreicht werden, ist unter Wahrung von Form und<br>Fristvorschriften eine erneute Mitgliederversammlung einzuberufen. Diese ist<br>unabh\u00e4ngig von der Anzahl der anwesenden Mitglieder beschlussf\u00e4hig.<\/li>\n\n\n\n<li><br>8.8<br>\u00dcber die Verhandlungen und Beschl\u00fcsse der Mitgliederversammlung ist ein Protokoll zu<br>f\u00fchren, dieses ist vom Versammlungsleiter und dem Schriftf\u00fchrer zu unterzeichnen.<\/li>\n\n\n\n<li><br>8.9<br>Die Abstimmungen erfolgen offen. Geheime Abstimmungen erfolgen nur, wenn dies<br>eines der anwesenden Mitglieder verlangt.<\/li>\n\n\n\n<li><br>\u00a7 9 Antr\u00e4ge zur Mitgliederversammlung<br>9.1<br>Antr\u00e4ge zur Mitgliederversammlung aus den Reihen der Mitglieder sind mindestens<br>eine Woche vor dem Zusammentritt der Mitgliederversammlung beim Vorstand<br>schriftlich einzureichen.<\/li>\n\n\n\n<li><br>9.2<br>\u00dcber Antr\u00e4ge auf Satzungs\u00e4nderung kann nur entschieden werden, wenn diese in der<br>Einladung als Tagesordnungspunkt mitgeteilt worden sind.<\/li>\n\n\n\n<li><br>\u00a7 10 Au\u00dferordentliche Mitgliederversammlung<br>10.1<br>Auf Verlangen von mindestens 1\/3 aller Mitglieder hat der Vorstand unter Angabe der<br>vorgeschlagenen Tagesordnung eine au\u00dferordentliche Mitgliederversammlung<br>einzuberufen.<\/li>\n\n\n\n<li><br>10.2<br>Im \u00dcbrigen gelten die Vorschriften \u00fcber die ordentliche Mitgliederversammlung.<\/li>\n\n\n\n<li><br>\u00a711 Online-Mitgliederversammlung<br>11.1<br>Abweichend von \u00a7 32 Absatz 1 Satz 1 des B\u00fcrgerlichen Gesetzbuchs (BGB) kann der<br>Vorstand nach seinem Ermessen beschlie\u00dfen und in der Einladung mitteilen, dass die<br>Mitglieder an der Mitgliederversammlung ganz oder teilweise ohne k\u00f6rperliche<br>Anwesenheit an einem Versammlungsort teilnehmen und ihre Mitgliederrechte im Wege<br>der elektronischen Kommunikation aus\u00fcben k\u00f6nnen (zum Beispiel per E-Mail, Online-<br>Formular) oder aber ihre Stimme im Vorhinein ohne Anwesenheit bzw. Teilnahme an<br>der Online-Mitgliederversammlung schriftlich abgeben k\u00f6nnen.<\/li>\n\n\n\n<li><br>11.2<br>Der Vorstand regelt in der Wahlordnung geeignete technische und organisatorische<br>Ma\u00dfnahmen f\u00fcr die Durchf\u00fchrung einer Online\/Hybrid-Mitgliederversammlung, die<br>insbesondere sicherstellen sollen, dass nur Vereinsmitglieder an der<br>Mitgliederversammlung teilnehmen und ihre Rechte wahrnehmen.<br>In der Wahlordnung ist auch die Durchf\u00fchrung des elektronischen Wahlverfahrens zu<br>verschriftlichen sowie die Stimmabgabe im Vorhinein, wenn Mitglieder nicht an der<br>Online-Mitgliederversammlung teilnehmen m\u00f6chten.<\/li>\n\n\n\n<li><br>11.3<br>Die Wahlordnung ist nicht Bestandteil der Satzung. F\u00fcr Erlass, \u00c4nderung und<br>Aufhebung der Wahlordnung ist der Vorstand zust\u00e4ndig, der hier\u00fcber mit einfacher<br>Mehrheit beschlie\u00dft. Die jeweils aktuelle Fassung der Wahlordnung ist den<br>Vereinsmitgliedern vor der Durchf\u00fchrung einer Online\/Hybrid-Mitgliederversammlung<br>zur Kenntnis zu geben, damit sie verbindlich wird.<\/li>\n\n\n\n<li><br>11.4<br>Sind weder eine Pr\u00e4senz- noch eine Online-Versammlung m\u00f6glich, k\u00f6nnen Beschl\u00fcsse,<br>abweichend von \u00a7 32 Abs. 2 BGB, auch im Umlaufverfahren schriftlich gefasst werden.<br>Ein g\u00fcltiger Beschluss ist nicht abh\u00e4ngig von einer Mindestzahl abgegebener Stimmen.<\/li>\n\n\n\n<li><br>11.5<br>Die Bestimmungen dieses Paragrafen gelten f\u00fcr Vorstandssitzungen und<br>Vorstandsbeschl\u00fcsse entsprechend.<\/li>\n\n\n\n<li><br>\u00a7 12 Inkrafttreten der Satzung<br>Die Satzung vom 31.01.2018 wird hiermit durch vorstehende Satzung ersetzt.<\/li>\n<\/ul>\n","protected":false},"excerpt":{"rendered":"<p>DORFF\u00d6RDERVEREIN F\u00dcR DIE GEMEINDE UNDENHEIM e.V. Vereinssatzung Pr\u00e4ambelDer DORFF\u00d6RDERVEREIN F\u00dcR DIE GEMEINDE UNDENHEIM e.V. ist ein Verein, der dieallgemeinen Belange des Dorfes unterst\u00fctzt. Zu den Aufgaben geh\u00f6rt die St\u00e4rkung desb\u00fcrgerschaftlichen Engagements zugunsten gemeinn\u00fctziger Zwecke, des sozialen undkulturellen Zusammenhalts der Bev\u00f6lkerung,<\/p>\n","protected":false},"author":1,"featured_media":0,"parent":0,"menu_order":0,"comment_status":"closed","ping_status":"closed","template":"page-templates\/page-builder.php","meta":{"footnotes":""},"class_list":["post-1313","page","type-page","status-publish","hentry","","tg-column-two"],"aioseo_notices":[],"_links":{"self":[{"href":"https:\/\/dfv-undenheim.de\/index.php?rest_route=\/wp\/v2\/pages\/1313","targetHints":{"allow":["GET"]}}],"collection":[{"href":"https:\/\/dfv-undenheim.de\/index.php?rest_route=\/wp\/v2\/pages"}],"about":[{"href":"https:\/\/dfv-undenheim.de\/index.php?rest_route=\/wp\/v2\/types\/page"}],"author":[{"embeddable":true,"href":"https:\/\/dfv-undenheim.de\/index.php?rest_route=\/wp\/v2\/users\/1"}],"replies":[{"embeddable":true,"href":"https:\/\/dfv-undenheim.de\/index.php?rest_route=%2Fwp%2Fv2%2Fcomments&post=1313"}],"version-history":[{"count":6,"href":"https:\/\/dfv-undenheim.de\/index.php?rest_route=\/wp\/v2\/pages\/1313\/revisions"}],"predecessor-version":[{"id":2264,"href":"https:\/\/dfv-undenheim.de\/index.php?rest_route=\/wp\/v2\/pages\/1313\/revisions\/2264"}],"wp:attachment":[{"href":"https:\/\/dfv-undenheim.de\/index.php?rest_route=%2Fwp%2Fv2%2Fmedia&parent=1313"}],"curies":[{"name":"wp","href":"https:\/\/api.w.org\/{rel}","templated":true}]}}