{"id":1317,"date":"2021-01-31T10:29:21","date_gmt":"2021-01-31T08:29:21","guid":{"rendered":"https:\/\/dfv-undenheim.de\/?page_id=1317"},"modified":"2024-03-13T18:11:07","modified_gmt":"2024-03-13T17:11:07","slug":"veranstaltungen","status":"publish","type":"page","link":"https:\/\/dfv-undenheim.de\/?page_id=1317","title":{"rendered":"Veranstaltungen"},"content":{"rendered":"\n<hr class=\"wp-block-separator has-css-opacity\"\/>\n\n\n\n<div class=\"wp-block-columns is-layout-flex wp-container-core-columns-is-layout-28f84493 wp-block-columns-is-layout-flex\">\n<div class=\"wp-block-column is-layout-flow wp-block-column-is-layout-flow\">\n<p style=\"font-size:30px\"><strong>Wiederkehrende <\/strong><\/p>\n\n\n\n<p style=\"font-size:30px\"><strong>Veranstaltungen<\/strong><\/p>\n\n\n\n<p><strong><span style=\"color:#77933c\" class=\"has-inline-color\">Februar\/M\u00e4rz<br>After-Umzugs-Party<\/span><\/strong><\/p>\n\n\n\n<p>Seit dem Jahr 2019 \u00fcbernahm der Dorff\u00f6rderverein die Organisation der After-Umzugs-Party von der Freiwilligen Feuerwehr &#8211; in Absprache mit der Gemeinde und den Vereinen, die diese traditionsreiche Veranstaltung nicht untergehen lassen wollten. Die Party findet seitdem nicht mehr im Feuerwehrger\u00e4tehaus, sondern in der Goldbachhalle statt. Zahlreiche, flei\u00dfige Helfer und das junge DJ-Team \u201eMatrix\u201c sorgen daf\u00fcr, dass ausgelassene Partystimmung herrscht und bis in den sp\u00e4ten Abend hinein ausgelassen gefeiert wird. Die \u00dcbersch\u00fcsse aus der Veranstaltung wurden und werden vom Dorff\u00f6rderverein f\u00fcr Projekte in Undenheim verwendet.<\/p>\n\n\n\n<p>Im Jahr 2020 war der Dorff\u00f6rderverein erstmals aktiv beim Umzug mit dabei und hat mit einer eigenen Zugnummer dazu beigetragen, dass der Fastnachtsumzug weiterhin besteht. Die anschlie\u00dfende After-Umzugs-Party war eine der letzten ausgelassenen Feiern im Corona-Jahr 2020. Im Jahr 2021 mussten die Fastnachts-Kampagne und somit auch die After-Umzugs-Party corona-bedingt ausfallen.<\/p>\n\n\n\n<p>2023 konnten wir dann wieder richtig loslegen, in der Hoffnung, dass diese Veranstaltung nun wieder regelm\u00e4\u00dfig stattfinden kann! Seit 2023 wird die Party und damit die Gesamte Kampagne des Jahres von der Beerdigung der Fastnacht beendet!<\/p>\n\n\n\n<p class=\"has-luminous-vivid-orange-color has-text-color has-link-color wp-elements-3bbd552f678297e40422995905e2ce14\"><strong>LINK Fastnachtsdienstag in Unnerumm<\/strong><\/p>\n\n\n\n<p><strong><span style=\"color:#77933c\" class=\"has-inline-color\">Februar\/M\u00e4rz<br>Teilnahme am Fastnachtsumzug<\/span><\/strong><\/p>\n\n\n\n<p>Der Fastnachtsumzug am Fastnachtsdienstag ist eine langj\u00e4hrige Tradition und ein Spa\u00df f\u00fcr die ganze Gemeinde. Kaum ein Gesicht ohne L\u00e4cheln, egal ob jung, ob alt. An dieser Stelle ein Dankesch\u00f6n an alle Vereine, die dies mit ihren Stunden an Planung, Basteln, N\u00e4hen und anderen vorbereitenden Arbeiten erm\u00f6glichen. Ohne dieses ehrenamtliche Engagement w\u00e4re ein solches Highlight des Jahres nicht m\u00f6glich. Daher hat sich der Dorff\u00f6rderverein besonders dar\u00fcber gefreut, ebenfalls mit einer eigenen Zugnummer teilzunehmen. \u201eKommt mit ihr Leit \u2013 mir feiern all in de GANZE Goldbach-Hall\u201c ist der Narrenruf 2020. Da die Goldbach-Halle im ersten Jahr der After-Umzugs-Party fast aus den N\u00e4hten platzte und f\u00fcr die TeilnehmerInnen, die sich nach den Anstrengungen des Umzugs gerne eine Sitzgelegenheit zum Unterhalten suchen, kaum eine M\u00f6glichkeit bestand, wurde erstmals die zweite H\u00e4lfte der Goldbach-Halle zum Krebbel-Kaffee ge\u00f6ffnet. So stand 2020 \u201ede GANZE Goldbach-Halle\u201c zur Verf\u00fcgung, um Fastnacht mit allen so richtig zu feiern.<\/p>\n\n\n\n<p>Seit 2023 \u00fcbernimmt der Dorff\u00f6rderverein auch die Organisation des Fastnachtsumzuges mit Bereitstellung des Zugmarschalls. Seit dem startet der Umzug um 15:11 Uhr in der Bahnhofstra\u00dfe und f\u00fchrt bis zur Goldbach-Halle, wo die Zugteilnehmer und Besucher von unserer Zugkapelle willkommen gehei\u00dfen werden, um danach entweder beim Kreppel-Kaffee oder bei der After-Umzug-Party weiterzufeiern.<\/p>\n\n\n\n<p class=\"has-luminous-vivid-orange-color has-text-color has-link-color wp-elements-3bbd552f678297e40422995905e2ce14\"><strong>LINK Fastnachtsdienstag in Unnerumm<\/strong><\/p>\n\n\n\n<p><strong><span style=\"color:#77933c\" class=\"has-inline-color\">April\/Mai<br>Undenheim bl\u00fcht auf<\/span><\/strong><\/p>\n\n\n\n<p>Ein besonderes Highlight im j\u00e4hrlichen Kalender des Dorff\u00f6rdervereins ist unser Fr\u00fchlingsfest \u201eUndenheim bl\u00fcht auf\u201c. Nicht zuletzt als Werbung und Austauschb\u00f6rse f\u00fcr alle Beetpatenschaften Undenheims gedacht, soll sich die Veranstaltung im Hofgut Bernhardt-Stiftung zu einem Fest mit umfangreichem Programm entwickeln. Neben Angeboten f\u00fcr das leibliche Wohl und einer Pflanzen-Tauschb\u00f6rse k\u00f6nnen Kreativangebote wahrgenommen werden &#8211; wie \u201eBodenfenster\u201c, Steine bemalen, Baummobil\u00e9 basteln, Blument\u00f6pfe bemalen und bepflanzen, Blumen filzen \u2013 Gleichfalls k\u00f6nnen die BesucherInnen auch Vortr\u00e4gen zu unterschiedlichsten Themen lauschen: Bienen (Schaukasten mit Bienenvolk), Less Waste, Blumenbeete planen und anlegen u.v.m. \u00dcberdies kann insbesondere die Teilnahme an unserer Naturralley f\u00fcr Kurzweil, neue Erkenntnisse und nicht zuletzt viel Spa\u00df bei Bewegung an der frischen Luft sorgen. Insgesamt also ein Garant f\u00fcr einen ereignisreichen Sonntag.<\/p>\n\n\n\n<p class=\"has-luminous-vivid-orange-color has-text-color has-link-color wp-elements-70364f094e4e6d0129a8ea4b6a7b0909\"><strong>LINK Fr\u00fchlingsfest &#8222;Undenheim bl\u00fcht auf&#8220;<\/strong><\/p>\n\n\n\n<p><strong><span style=\"color:#77933c\" class=\"has-inline-color\">Juni\/Juli:<br>H\u00f6feFlohmarkt<\/span><\/strong><\/p>\n\n\n\n<p>Unser sch\u00f6nes Undenheim ist reich an vielf\u00e4ltigen, gut erhaltenen teils historischen H\u00f6fen: Fr\u00e4nkische Hofreite, Vierseith\u00f6fe, viele liebevoll bepflanzt, privat oder in gewerblicher Hand. Alle mit einem besonderen Charme und alle meist traditionell verborgen hinter gro\u00dfen Hoftoren.<\/p>\n\n\n\n<p>Mit unserem H\u00f6feFlohmarkt, immer an einem Sonntag von 11-16 Uhr, m\u00f6chten wir einige dieser Schatzkammern \u00f6ffnen.<\/p>\n\n\n\n<p>Gleichzeitig m\u00f6chten wir mit Hilfe des Flohmarktgedanken nachhaltige Weiterverwendung all jener sch\u00f6nen Dinge f\u00f6rdern, die vielleicht gerne jemand anderes h\u00e4tte. Wir erhoffen uns vom Undenheimer H\u00f6feFlohmarkt eine Mischung aus Jagdfieber und gem\u00fctlichem Einkaufsbummel. Die M\u00f6glichkeit, ein Relikt aus der Kindheit zu entdecken oder einen kleinen Schatz, der jahrzehntelang versteckt zwischen modrigen Teppichen und altem Geschirr auf dem Dachboden seiner Neuentdeckung geharrt hat. Der kleine Kick, f\u00fcr wenige Euro ein altes Schnurtelefon oder eine alte Schallplatte ergattert zu haben. Das ist der Stoff, aus dem Flohm\u00e4rkte gemacht sind.<\/p>\n\n\n\n<p>Daher bieten wir Schn\u00e4ppchenj\u00e4gern auch nur ein echtes Flohmarktangebot: Hausrat, B\u00fccher, Tr\u00f6del, M\u00f6bel, Kunst, Antikes und Pseudo-Antikes, N\u00fctzliches, Unn\u00fctzes, Krimskrams und und und &#8211; alles, was einem Fr\u00fchjahrsputz zum Opfer fallen w\u00fcrde. Kein Ramsch, keine Neuwaren, keine Waren von gewerblichen Verk\u00e4ufern.<\/p>\n\n\n\n<p>Wir w\u00fcnschen uns Gemeinschaft, Gespr\u00e4che und ein reges Treiben im ganzen Ort. Bringen Sie Zeit mit, um alles zu begutachten: Kein Gedr\u00e4ngel, Gutes Platzangebot, Tolles Ambiente! W\u00e4hrend K\u00e4ufer und Verk\u00e4ufer um Preise feilschen, k\u00f6nnen sich andere vom Flair und der Atmosph\u00e4re der H\u00f6fe begeistern lassen.<\/p>\n\n\n\n<p>Zus\u00e4tzlich m\u00f6chten wir Vereinen und Gruppen die M\u00f6glichkeit bieten, durch ein Angebot von Essen und Getr\u00e4nken die Kassen f\u00fcr ihr eigenes ehrenamtliches Engagement aufzubessern.<\/p>\n\n\n\n<p>Damit Sie einen \u00dcberblick \u00fcber die teilnehmenden H\u00f6fe erhalten, werden wir eine Woche vor dem gro\u00dfen Tag eine \u00dcbersichtskarte in Form eines Ortsplans online ver\u00f6ffentlichen (www.Dorff\u00f6rderverein-Undenheim.de) und in Gesch\u00e4ften auslegen. Zus\u00e4tzlich werden alle teilnehmenden H\u00f6fe am Tag der Veranstaltung am Hofeingang gekennzeichnet. Nutzen Sie unseren H\u00f6feFlohmarkt f\u00fcr einen kurzweiligen Spaziergang mit der ganzen Familie. Tr\u00f6deln Sie mit und entdecken Sie Undenheim!<\/p>\n\n\n\n<p class=\"has-luminous-vivid-orange-color has-text-color has-link-color wp-elements-9cd315e6db3729a24b753fc33470506e\"><strong>LINK H\u00f6feFlohmarkt in Undenheim<\/strong><\/p>\n\n\n\n<p><strong><span style=\"background-color:rgba(0, 0, 0, 0);color:#77933c\" class=\"has-inline-color\">September <\/span><\/strong><br><strong><span style=\"background-color:rgba(0, 0, 0, 0);color:#77933c\" class=\"has-inline-color\">Kino im Hof &#8211; so sch\u00f6n kann Dorfleben sein!<\/span><\/strong><\/p>\n\n\n\n<p>50er\/60er Jahre, Undenheim &#8211; am Schaufenster am Georg-Wiegand-Will-Platz\/Kirchgasse dr\u00fccken sich zwei Naseweise ihre Nasen platt: neue Plakate bewerben die Filmvorf\u00fchrungen des n\u00e4chsten Wochenendes. Nur selten Fernsehen zu Hause, kein Internet! Kino als Gemeinschaftserlebnis, Highlight der Woche. Samstags- und sonntagsabends gro\u00dfe Filme f\u00fcr Erwachsene, manchmal nachmittags auch Kinderfilme.<\/p>\n\n\n\n<p>Der Dorff\u00f6rderverein in Undenheim, bekannt f\u00fcr seine Ambitionen, wertvolle Traditionen zu bewahren oder wieder aufzugreifen und damit das Dorfleben zu f\u00f6rdern, hat 2023 den Startschuss zu einem neuen Highlight im Veranstaltungskalender des Vereins gesetzt: \u201eKino im Hof\u201c (immer am zweiten Wochenende im September, Hof der Bernhardt-Stiftung). <\/p>\n\n\n\n<p>Zur Premiere wurde am Abend f\u00fcr die Erwachsenen mit Hidden Figures \u2013 unerkannte Heldinnen mit Kevin Costner ein gemeinsames Kinoerlebnis unter sternenklarem Himmel in einem tollen Ambiente verwirklicht. Die Popcornmaschine lief hei\u00df und k\u00fchle Getr\u00e4nke machten den warmen Sp\u00e4tsommerabend zu einem geselligen Erlebnis. Der Sonntagmorgen bot dann mit Biene Maja f\u00fcr viele Kinder das erste Filmerlebnis gemeinsam mit anderen und nachmittags lud Onward unsere Jugendlichen ein.<\/p>\n\n\n\n<p>Mit der Unterst\u00fctzung von Kommki aus Oppenheim und Ausstattung, Lizenzen und personeller Begleitung von Medien RLP wird zuk\u00fcnftig immer im September ein professioneller Rahmen geboten werden. Der gemeinsame Spa\u00df auch beim anschlie\u00dfenden geselligen Beisammensein und viel Lob f\u00fcr die Idee und die einladende Umsetzung kamen von ganz allein \u2013 trotz Fernsehen und Internet zu Hause: Kino und Dorfgemeinschaft eben!<\/p>\n\n\n\n<p class=\"has-luminous-vivid-orange-color has-text-color has-link-color wp-elements-2c38b111111a9e7a1c8fb8d5ea9be15b\"><strong>LINK Kino im Hof<\/strong><\/p>\n\n\n\n<p><strong><span style=\"background-color:rgba(0, 0, 0, 0);color:#77933c\" class=\"has-inline-color\">Dezember <\/span><\/strong><br><strong><span style=\"background-color:rgba(0, 0, 0, 0);color:#77933c\" class=\"has-inline-color\">Adventsfenster <\/span><\/strong><\/p>\n\n\n\n<p>Eine Tasse Gl\u00fchwein oder Punsch schl\u00fcrfen, Pl\u00e4tzchen knabbern und gemeinsam die ersten Weihnachtslieder anstimmen: Ein perfekter Start in die Vorweihnachtszeit!<\/p>\n\n\n\n<p>Was steckt hinter dem Adventsfenster?<\/p>\n\n\n\n<p>Die urspr\u00fcngliche Idee, die dahintersteckt, ist dass man sich w\u00e4hrend der Adventszeit an einem festen Termin Zeit f\u00fcreinander nimmt, je nach Entfernung einen kleinen Spaziergang macht und an einer mit Herz gestalteten halben Stunde teilnimmt. <\/p>\n\n\n\n<p>Es wird vor dem Fenster an der frischen Luft gemeinsam Zeit verbracht und erz\u00e4hlt, gegessen und getrunken. Jeder Gastgeber entscheidet selbst, wie er den Abend an seinem Adventskalendertag gestaltet und welche Verpflegung er den Besuchern anbietet.<\/p>\n\n\n\n<p class=\"has-luminous-vivid-orange-color has-text-color has-link-color wp-elements-ae0658af0ba71cb23e3c77449320ec23\"><strong>LINK Adventsfenster<\/strong><\/p>\n\n\n\n<p><strong><span style=\"background-color:rgba(0, 0, 0, 0);color:#77933c\" class=\"has-inline-color\">Dezember <\/span><\/strong><br><strong><span style=\"background-color:rgba(0, 0, 0, 0);color:#77933c\" class=\"has-inline-color\">Adventsh\u00fctte<\/span><\/strong><\/p>\n\n\n\n<p>Die Adventsh\u00fctten auf dem festlich geschm\u00fcckten Georg-Wiegand-Will-Platz sind eine lange und wundersch\u00f6ne Tradition in Undenheim. Vor weihnachtlich geschm\u00fcckter Kulisse werden in der Vorweihnachtszeit und zwischen den Jahren die Abende durch verschiedene Undenheimer Vereine mit leckeren Speisen, Gl\u00fchwein und Punsch vers\u00fc\u00dft.<\/p>\n\n\n\n<p>Seit  Dezember 2019 ist der Dorff\u00f6rderverein mit von der Partie und durfte sogleich auch einen gro\u00dfen Erfolg verzeichnen. Es gab Soljanka, Kartoffelsuppe vom Jugendgarten, Winzergl\u00fchwein und hausgemachte Lik\u00f6re im Waffelbecher. Und auch an unsere Kleinsten wurde gedacht: gemeinsam mit Monika Schmidt und ihren Gitarrensch\u00fclern wurden Weihnachtslieder gesungen und Stockbrot gebacken.<\/p>\n\n\n\n<p>Diesem Konzept folgend bieten wir immer: Weihnachtliches durch Krippe, Stockbrotfeuer und gemeinsames Musizieren, etwas f\u00fcrs leibliche Wohl und selbstverst\u00e4ndlich auch etwas f\u00fcrs gesellige Beisammensein.<\/p>\n\n\n\n<p class=\"has-luminous-vivid-orange-color has-text-color has-link-color wp-elements-e6869cf855683317d7be64c83b548326\"><strong>LINK Adventsh\u00fctte<\/strong><\/p>\n<\/div>\n\n\n\n<div class=\"wp-block-column is-layout-flow wp-block-column-is-layout-flow\">\n<p style=\"font-size:30px\"><strong>Einzelveranstaltungen<\/strong><\/p>\n\n\n\n<p><strong><span style=\"color:#77933c\" class=\"has-inline-color\"><strong>Benefizkonzert Rouge Baiser in Undenheim: \u00dcber 7.700 Euro f\u00fcr die Flutopfer an der Ahr<\/strong><\/span><\/strong><\/p>\n\n\n\n<p>Als am Freitagabend das Benefizkonzert der deutsch-franz\u00f6sischen Chanson-Band Rouge Baiser in der Goldbach-Halle in Undenheim begann,&nbsp;war&nbsp;durch den Ausverkauf der Veranstaltung&nbsp;bereits klar, dass am Ende ein erfreulicher Betrag als Spende f\u00fcr die Flutopfer an der Ahr zusammenkommen w\u00fcrde. Ziel der Organisatoren des Dorff\u00f6rdervereins f\u00fcr die Gemeinde Undenheim war es, dass 100 % der Einnahmen als Spende \u00fcberwiesen werden k\u00f6nnen. Am Ende kamen mehr als 7.700 Euro aus den Eintrittsgeldern und den abendlichen Spenden f\u00fcr Speisen und Getr\u00e4nke zusammen.<\/p>\n\n\n\n<p>So verzichtete nicht nur die Band und ihr Tontechniker auf jede Gage. Auch Marcus Becker, der B\u00fcrgermeister der Selztalgemeinde, sagte sofort zu, die Goldbach-Halle inkl. Reinigung kostenlos zur Verf\u00fcgung zu stellen und die Verbandsgemeinde Rhein-Selz verzichtete auf die Berechnung der Ausschankgeb\u00fchr. Alle Getr\u00e4nke und Speisen wurden von den Undenheimer Weing\u00fctern J\u00fcrgen Bernhard, Brand, Held, Jung, Junghof, Kastanienhof und Sparrm\u00fchle, der Rotk\u00e4ppchen-Mumm Sektkellerei, der Firma Eckes-Granini, dem Selters Mineralbrunnen, Werner&#8217;s Backstube&nbsp;und dem REWE Supermarkt in Undenheim gespendet. Und schlie\u00dflich fand sich mit der Firma WeinPlus Solutions (<a href=\"https:\/\/deref-gmx.net\/mail\/client\/NJ1uNeS6AXE\/dereferrer\/?redirectUrl=http%3A%2F%2Fwww.weinplus.de\" target=\"_blank\" rel=\"noreferrer noopener\">www.weinplus.de<\/a>) sogar ein Unternehmen, das die anfallenden GEMA Geb\u00fchren \u00fcbernahm.<\/p>\n\n\n\n<p>Claudia Schneider, die Vorsitzende des Dorff\u00f6rdervereins, dankte ihren Vereinsmitgliedern, dem Jugendgarten, den Volleyballerinnen des TV Undenheim sowie den vielen weiteren Helfern aus der Ortgemeinschaft f\u00fcr den Corona-konformen und reibungslosen Ablauf der Veranstaltung. Brigitte Stortz-Schindler, die in Undenheim wohnende S\u00e4ngerin der Gruppe, hatte die Idee zu dem Konzert und war sichtlich ger\u00fchrt, als ihr Ehemann und Moderator des Abends, Steffen Schindler, die H\u00f6he der Spendensumme verk\u00fcndete. Dass das Konzert auch musikalisch ein gro\u00dfer Erfolg war, konnte man dem Jubel und den stehenden Ovationen entnehmen, mit der sie und ihre Musiker Bettina Pahle, Bernhard Fuchs und Harald Reeh am Ende gefeiert wurden.<\/p>\n\n\n\n<figure class=\"wp-block-image size-large\"><img loading=\"lazy\" decoding=\"async\" width=\"1024\" height=\"706\" src=\"https:\/\/dfv-undenheim.de\/wp-content\/uploads\/2021\/11\/IMG_20211116_172344-1024x706.jpg\" alt=\"\" class=\"wp-image-1854\" srcset=\"https:\/\/dfv-undenheim.de\/wp-content\/uploads\/2021\/11\/IMG_20211116_172344-1024x706.jpg 1024w, https:\/\/dfv-undenheim.de\/wp-content\/uploads\/2021\/11\/IMG_20211116_172344-300x207.jpg 300w, https:\/\/dfv-undenheim.de\/wp-content\/uploads\/2021\/11\/IMG_20211116_172344-768x530.jpg 768w, https:\/\/dfv-undenheim.de\/wp-content\/uploads\/2021\/11\/IMG_20211116_172344.jpg 1190w\" sizes=\"auto, (max-width: 1024px) 100vw, 1024px\" \/><\/figure>\n\n\n\n<figure class=\"wp-block-image size-large\"><img loading=\"lazy\" decoding=\"async\" width=\"1024\" height=\"683\" src=\"https:\/\/dfv-undenheim.de\/wp-content\/uploads\/2021\/11\/IMG_20211116_172254-1024x683.jpg\" alt=\"\" class=\"wp-image-1853\" srcset=\"https:\/\/dfv-undenheim.de\/wp-content\/uploads\/2021\/11\/IMG_20211116_172254-1024x683.jpg 1024w, https:\/\/dfv-undenheim.de\/wp-content\/uploads\/2021\/11\/IMG_20211116_172254-300x200.jpg 300w, https:\/\/dfv-undenheim.de\/wp-content\/uploads\/2021\/11\/IMG_20211116_172254-768x512.jpg 768w, https:\/\/dfv-undenheim.de\/wp-content\/uploads\/2021\/11\/IMG_20211116_172254.jpg 1434w\" sizes=\"auto, (max-width: 1024px) 100vw, 1024px\" \/><\/figure>\n\n\n\n<figure class=\"wp-block-image size-large\"><img loading=\"lazy\" decoding=\"async\" width=\"729\" height=\"1024\" src=\"https:\/\/dfv-undenheim.de\/wp-content\/uploads\/2021\/10\/Benefizkonzert-2021-PLAKAT-hoch-A3-ae-729x1024.jpg\" alt=\"\" class=\"wp-image-1845\" srcset=\"https:\/\/dfv-undenheim.de\/wp-content\/uploads\/2021\/10\/Benefizkonzert-2021-PLAKAT-hoch-A3-ae-729x1024.jpg 729w, https:\/\/dfv-undenheim.de\/wp-content\/uploads\/2021\/10\/Benefizkonzert-2021-PLAKAT-hoch-A3-ae-214x300.jpg 214w, https:\/\/dfv-undenheim.de\/wp-content\/uploads\/2021\/10\/Benefizkonzert-2021-PLAKAT-hoch-A3-ae-768x1078.jpg 768w, https:\/\/dfv-undenheim.de\/wp-content\/uploads\/2021\/10\/Benefizkonzert-2021-PLAKAT-hoch-A3-ae-1094x1536.jpg 1094w, https:\/\/dfv-undenheim.de\/wp-content\/uploads\/2021\/10\/Benefizkonzert-2021-PLAKAT-hoch-A3-ae.jpg 1208w\" sizes=\"auto, (max-width: 729px) 100vw, 729px\" \/><\/figure>\n\n\n\n<p><strong><span style=\"color:#77933c\" class=\"has-inline-color\">12.12.2020 Digitales Adventsfenster<\/span><\/strong><\/p>\n\n\n\n<p>Im Jahr 2020 konnten aufgrund der Corona-Pandemie viele Feste und Veranstaltungen nicht stattfinden. So mussten auch die Adventsh\u00fctten im Dezember abgesagt werden. Die Tradition der Adventsh\u00fctten bedeutet f\u00fcr den Dorff\u00f6rderverein ein Beitrag f\u00fcr gemeinsames Erleben, f\u00fcr weihnachtliche Vorfreude gepaart mit der M\u00f6glichkeit f\u00fcr Vereine, auf sich aufmerksam zu machen und f\u00fcr sich zu werben.<\/p>\n\n\n\n<p>Deshalb hat sich der Vorstand nach der Absage 2020 der \u201eechten Adventsfenster\u201c daf\u00fcr eingesetzt, den B\u00fcrgerInnen und vor allem auch den Kindern weihnachtliche Vorfreude nach Hause zu bringen und gleichzeitig auf unser kommendes Projekt \u201edas Indianerdorf Kleiner Undo\u201c aufmerksam zu machen. Neben viel Corona-konformem Spa\u00df ist daraus ein digitales Adventsfenster ganz im Indianischen Zeichen entstanden \u2013 eine Hommage an Undenheim und seine Weihnachtsbr\u00e4uche:<\/p>\n\n\n\n<p>&#8222;Wir befinden uns im &#8218;Land der stetigen Winde&#8216;, beim Indianerstamm &#8218;kleiner Undo&#8216;. Es ist Dezember. H\u00e4uptling &#8218;blonder Wirbelwind&#8216; hat seinen ganzen Stamm zum gro\u00dfen Gebabbel per Skype ans Lagerfeuer gerufen.&#8220;<\/p>\n\n\n\n<p>&#8222;Wir haben geh\u00f6rt vom gro\u00dfen Tam-Tam: von dem gro\u00dfen Fest der Bleichgesichter.<\/p>\n\n\n\n<p>Nun habe ich euch alle hier zusammengerufen, um zu erfahren, was das f\u00fcr ein Fest ist. Ist es ein gutes Fest, dann wollen wir uns hier niederlassen und es mit den Bleichgesichtern feiern. Dann sind sie bestimmt auch bereit, mit uns unsere Feste zu feiern.&#8220;<\/p>\n\n\n\n<p>Auf dieser Grundlage werden die unterschiedlichen Undenheimer Weihnachtsbr\u00e4uche &#8211; Lichterm\u00e4nner, Adventsfenster, Seniorennachmittag, Adventsh\u00fctten, Weihnachtsblasen, Gottesdienst mit Krippenspiel und Posaunenchor \u2013 auf spielerischer Weise n\u00e4her beleuchtet. Impressionen aus Undenheim wurden in Video und Bild untermalt mit musikalischen Darbietungen verschiedener Undenheimer K\u00fcnstler.<\/p>\n\n\n\n<p>So kommt der H\u00e4uptling auch zu dem Schluss: &#8222;Was habe ich doch f\u00fcr tapfere und schlaue Sp\u00e4her. So viele Informationen \u00fcber das gro\u00dfe Tam-Tam und wie es die Bleichgesichter im Lande des st\u00e4ndigen Windes feiern. Sie scheinen alle sehr beeindruckt zu sein von dem was sie gesehen und erlebt haben. Viele gute Br\u00e4uche, die die Menschen zusammenr\u00fccken und gemeinsam Freude erleben lassen. Ich komme zu dem Entschluss das das hier ein guter Ort ist, um uns nieder zu lassen und gemeinsam mit den Bleichgesichtern ihre und unsere Feste zu feiern.&#8220;<\/p>\n\n\n\n<p>&#8222;Wir &#8211; vom Dorff\u00f6rderverein der Gemeinde Undenheim &#8211; m\u00f6chten den Indianern des Stammes kleiner Undo helfen, sich hier nieder zu lassen.&nbsp; So wollen wir mit Ihnen gemeinsam hier an dieser Stelle &#8211; mitten in unserem sch\u00f6nen Undenheim &#8211; in der Mozartstra\u00dfe &#8211; ihr neues Indianerdorf errichten. Mit neuen Tipis, Platz f\u00fcr ihre Pferde, einer Feuerstelle an der sie gemeinsam kochen und zusammensitzen k\u00f6nnen. Und nat\u00fcrlich viel Platz zum Rennen, Toben, Schleichen, Sich-Verstecken und Entdecken. Lasst uns dies alle gemeinsam im kommenden Jahr verwirklichen &#8211; ganz im Sinne des weihnachtlichen Gedankens!<\/p>\n\n\n\n<p><strong><span style=\"color:#77933c\" class=\"has-inline-color\">27.05.2020 Lesung Andrea Ballschuh<\/span><\/strong><\/p>\n\n\n\n<figure class=\"wp-block-image size-large\"><img loading=\"lazy\" decoding=\"async\" width=\"1024\" height=\"768\" src=\"https:\/\/dfv-undenheim.de\/wp-content\/uploads\/2021\/04\/150-1024x768.jpg\" alt=\"\" class=\"wp-image-1668\" srcset=\"https:\/\/dfv-undenheim.de\/wp-content\/uploads\/2021\/04\/150-1024x768.jpg 1024w, https:\/\/dfv-undenheim.de\/wp-content\/uploads\/2021\/04\/150-300x225.jpg 300w, https:\/\/dfv-undenheim.de\/wp-content\/uploads\/2021\/04\/150-768x576.jpg 768w, https:\/\/dfv-undenheim.de\/wp-content\/uploads\/2021\/04\/150.jpg 1440w\" sizes=\"auto, (max-width: 1024px) 100vw, 1024px\" \/><\/figure>\n\n\n\n<p><strong><span style=\"background-color:rgba(0, 0, 0, 0);color:#77933c\" class=\"has-inline-color\">Pfingstferien 2023: Graffiti-Workshop Ferienprogramm<\/span><\/strong><\/p>\n\n\n\n<figure class=\"wp-block-image size-large\"><img loading=\"lazy\" decoding=\"async\" width=\"728\" height=\"1024\" src=\"https:\/\/dfv-undenheim.de\/wp-content\/uploads\/2023\/11\/Graffiti-Workshop-2023-PLAKAT-hoch-A3-728x1024.jpg\" alt=\"\" class=\"wp-image-2194\" srcset=\"https:\/\/dfv-undenheim.de\/wp-content\/uploads\/2023\/11\/Graffiti-Workshop-2023-PLAKAT-hoch-A3-728x1024.jpg 728w, https:\/\/dfv-undenheim.de\/wp-content\/uploads\/2023\/11\/Graffiti-Workshop-2023-PLAKAT-hoch-A3-213x300.jpg 213w, https:\/\/dfv-undenheim.de\/wp-content\/uploads\/2023\/11\/Graffiti-Workshop-2023-PLAKAT-hoch-A3-768x1080.jpg 768w, https:\/\/dfv-undenheim.de\/wp-content\/uploads\/2023\/11\/Graffiti-Workshop-2023-PLAKAT-hoch-A3-1092x1536.jpg 1092w, https:\/\/dfv-undenheim.de\/wp-content\/uploads\/2023\/11\/Graffiti-Workshop-2023-PLAKAT-hoch-A3.jpg 1145w\" sizes=\"auto, (max-width: 728px) 100vw, 728px\" \/><\/figure>\n<\/div>\n<\/div>\n","protected":false},"excerpt":{"rendered":"<p>Wiederkehrende Veranstaltungen Februar\/M\u00e4rzAfter-Umzugs-Party Seit dem Jahr 2019 \u00fcbernahm der Dorff\u00f6rderverein die Organisation der After-Umzugs-Party von der Freiwilligen Feuerwehr &#8211; in Absprache mit der Gemeinde und den Vereinen, die diese traditionsreiche Veranstaltung nicht untergehen lassen wollten. Die Party findet seitdem nicht<\/p>\n","protected":false},"author":1,"featured_media":0,"parent":0,"menu_order":0,"comment_status":"closed","ping_status":"closed","template":"","meta":{"footnotes":""},"class_list":["post-1317","page","type-page","status-publish","hentry","","tg-column-two"],"aioseo_notices":[],"_links":{"self":[{"href":"https:\/\/dfv-undenheim.de\/index.php?rest_route=\/wp\/v2\/pages\/1317","targetHints":{"allow":["GET"]}}],"collection":[{"href":"https:\/\/dfv-undenheim.de\/index.php?rest_route=\/wp\/v2\/pages"}],"about":[{"href":"https:\/\/dfv-undenheim.de\/index.php?rest_route=\/wp\/v2\/types\/page"}],"author":[{"embeddable":true,"href":"https:\/\/dfv-undenheim.de\/index.php?rest_route=\/wp\/v2\/users\/1"}],"replies":[{"embeddable":true,"href":"https:\/\/dfv-undenheim.de\/index.php?rest_route=%2Fwp%2Fv2%2Fcomments&post=1317"}],"version-history":[{"count":12,"href":"https:\/\/dfv-undenheim.de\/index.php?rest_route=\/wp\/v2\/pages\/1317\/revisions"}],"predecessor-version":[{"id":2426,"href":"https:\/\/dfv-undenheim.de\/index.php?rest_route=\/wp\/v2\/pages\/1317\/revisions\/2426"}],"wp:attachment":[{"href":"https:\/\/dfv-undenheim.de\/index.php?rest_route=%2Fwp%2Fv2%2Fmedia&parent=1317"}],"curies":[{"name":"wp","href":"https:\/\/api.w.org\/{rel}","templated":true}]}}