{"id":1333,"date":"2021-01-31T10:34:43","date_gmt":"2021-01-31T08:34:43","guid":{"rendered":"https:\/\/dfv-undenheim.de\/?page_id=1333"},"modified":"2025-05-09T12:56:46","modified_gmt":"2025-05-09T10:56:46","slug":"wir-gemeinsam","status":"publish","type":"page","link":"https:\/\/dfv-undenheim.de\/?page_id=1333","title":{"rendered":"Wir gemeinsam!"},"content":{"rendered":"\n<div class=\"wp-block-columns is-layout-flex wp-container-core-columns-is-layout-28f84493 wp-block-columns-is-layout-flex\">\n<div class=\"wp-block-column is-layout-flow wp-block-column-is-layout-flow\" style=\"flex-basis:100%\">\n<div class=\"wp-block-media-text alignfull is-stacked-on-mobile is-vertically-aligned-top\" style=\"grid-template-columns:54% auto\"><figure class=\"wp-block-media-text__media\"><img loading=\"lazy\" decoding=\"async\" width=\"544\" height=\"513\" src=\"https:\/\/dfv-undenheim.de\/wp-content\/uploads\/2021\/02\/wir-gemeinsam_hp16_210209.png\" alt=\"\" class=\"wp-image-1487 size-full\" srcset=\"https:\/\/dfv-undenheim.de\/wp-content\/uploads\/2021\/02\/wir-gemeinsam_hp16_210209.png 544w, https:\/\/dfv-undenheim.de\/wp-content\/uploads\/2021\/02\/wir-gemeinsam_hp16_210209-300x283.png 300w\" sizes=\"auto, (max-width: 544px) 100vw, 544px\" \/><\/figure><div class=\"wp-block-media-text__content\">\n<p><br><strong><span style=\"color:#77933c\" class=\"has-inline-color\">Wozu sind \u201ewir gemeinsam\u201c?<\/span><\/strong><br>Satzung: St\u00e4rkung des b\u00fcrgerschaftlichen Engagements zugunsten gemeinn\u00fctziger Zwecke, St\u00e4rkung des sozialen und kulturellen Zusammenhalts der Bev\u00f6lkerung, F\u00f6rderung des Zugeh\u00f6rigkeitsgef\u00fchls der Mitb\u00fcrgerinnen und Mitb\u00fcrger zu ihrem Heimatort.<\/p>\n\n\n\n<p><strong><span style=\"color:#77933c\" class=\"has-inline-color\">Wer sind \u201ewir gemeinsam\u201c?<\/span><\/strong><br>Am liebsten alle UndenheimerInnen<\/p>\n\n\n\n<p><strong><span style=\"color:#77933c\" class=\"has-inline-color\">Wie viel sind \u201ewir gemeinsam\u201c?<\/span><\/strong><br>Mitgliederanzahl: 120 (Stand Februar 2025)<\/p>\n\n\n\n<p><strong><span style=\"color:#77933c\" class=\"has-inline-color\">Wo sind \u201ewir gemeinsam\u201c?<\/span><\/strong><br>Am liebsten \u00fcberall dort, wo Undenheim uns braucht.<\/p>\n\n\n\n<p><strong><span style=\"color:#77933c\" class=\"has-inline-color\">Wann sind \u201ewir gemeinsam\u201c?<\/span><\/strong><br>Am liebsten immer bei sch\u00f6nem Wetter auf Arbeitseins\u00e4tzen, Festen, Veranstaltungen \u2013 aber auch bei der Planung und Ideenfindung<\/p>\n\n\n\n<p><strong><span style=\"color:#77933c\" class=\"has-inline-color\">Warum sind \u201ewir gemeinsam\u201c?<\/span><\/strong><br>Weil das Undenheim ausmacht!<\/p>\n\n\n\n<p><strong><span style=\"color:#77933c\" class=\"has-inline-color\">Wie sind \u201ewir gemeinsam\u201c?<\/span><\/strong><br>Wohlwollend, mit viel Spa\u00df, konstruktiv, engagiert, kreativ, harmonisch &#8211; gemeinsam halt<\/p>\n<\/div><\/div>\n<\/div>\n<\/div>\n","protected":false},"excerpt":{"rendered":"<p>Wozu sind \u201ewir gemeinsam\u201c?Satzung: St\u00e4rkung des b\u00fcrgerschaftlichen Engagements zugunsten gemeinn\u00fctziger Zwecke, St\u00e4rkung des sozialen und kulturellen Zusammenhalts der Bev\u00f6lkerung, F\u00f6rderung des Zugeh\u00f6rigkeitsgef\u00fchls der Mitb\u00fcrgerinnen und Mitb\u00fcrger zu ihrem Heimatort. Wer sind \u201ewir gemeinsam\u201c?Am liebsten alle UndenheimerInnen Wie viel sind \u201ewir<\/p>\n","protected":false},"author":1,"featured_media":0,"parent":0,"menu_order":0,"comment_status":"closed","ping_status":"closed","template":"","meta":{"footnotes":""},"class_list":["post-1333","page","type-page","status-publish","hentry","","tg-column-two"],"aioseo_notices":[],"_links":{"self":[{"href":"https:\/\/dfv-undenheim.de\/index.php?rest_route=\/wp\/v2\/pages\/1333","targetHints":{"allow":["GET"]}}],"collection":[{"href":"https:\/\/dfv-undenheim.de\/index.php?rest_route=\/wp\/v2\/pages"}],"about":[{"href":"https:\/\/dfv-undenheim.de\/index.php?rest_route=\/wp\/v2\/types\/page"}],"author":[{"embeddable":true,"href":"https:\/\/dfv-undenheim.de\/index.php?rest_route=\/wp\/v2\/users\/1"}],"replies":[{"embeddable":true,"href":"https:\/\/dfv-undenheim.de\/index.php?rest_route=%2Fwp%2Fv2%2Fcomments&post=1333"}],"version-history":[{"count":12,"href":"https:\/\/dfv-undenheim.de\/index.php?rest_route=\/wp\/v2\/pages\/1333\/revisions"}],"predecessor-version":[{"id":2923,"href":"https:\/\/dfv-undenheim.de\/index.php?rest_route=\/wp\/v2\/pages\/1333\/revisions\/2923"}],"wp:attachment":[{"href":"https:\/\/dfv-undenheim.de\/index.php?rest_route=%2Fwp%2Fv2%2Fmedia&parent=1333"}],"curies":[{"name":"wp","href":"https:\/\/api.w.org\/{rel}","templated":true}]}}