{"id":1430,"date":"2021-01-31T15:13:35","date_gmt":"2021-01-31T13:13:35","guid":{"rendered":"https:\/\/dfv-undenheim.de\/?page_id=1430"},"modified":"2021-04-18T14:33:46","modified_gmt":"2021-04-18T12:33:46","slug":"informationspflicht-bei-der-erhebung-von-daten-%c2%a713-dsgvo","status":"publish","type":"page","link":"https:\/\/dfv-undenheim.de\/?page_id=1430","title":{"rendered":"Informationspflicht bei der Erhebung von Daten (\u00a713 DSGVO)"},"content":{"rendered":"\n<div class=\"wp-block-themeisle-blocks-advanced-columns has-1-columns has-desktop-equal-layout has-tablet-equal-layout has-mobile-equal-layout has-default-gap has-vertical-unset\" id=\"wp-block-themeisle-blocks-advanced-columns-6252c3d4\"><div class=\"wp-block-themeisle-blocks-advanced-columns-overlay\"><\/div><div class=\"innerblocks-wrap\">\n<div class=\"wp-block-themeisle-blocks-advanced-column\" id=\"wp-block-themeisle-blocks-advanced-column-02c1a247\">\n<p><strong>Name und Kontaktdaten des Verantwortlichen sowie gegebenenfalls seines Vertreters<\/strong><br>Verantwortlicher im Sinne des Art. 13 Abs. 1 lit. a) DS-GVO ist<br>Name Verein: Dorff\u00f6rderverein f\u00fcr die Gemeinde Undenheim e.V.<br>Stra\u00dfe: St.-Alban-Str. 15<br>PLZ, Ort: 55278 Undenheim<br>E-Mail: info(at)dfv-undenheim.de<br>Vorstand: Claudia Schneider (1. Vorsitzender)<\/p>\n\n\n\n<p><strong>Kontaktdaten zum Datenschutz<\/strong><br>Fragen zum Thema Datenschutz k\u00f6nnen an datenschutz(at)dfv-undenheim.de gestellt werden.<\/p>\n\n\n\n<p><strong>Zwecke und Rechtsgrundlage der Verarbeitung<\/strong><br>Der Dorff\u00f6rderverein f\u00fcr die Gemeinde Undenheim e.V. verarbeitet folgende personenbezogene Daten:<\/p>\n\n\n\n<p>Zum Zwecke der Mitgliederverwaltung werden alle in der Beitrittserkl\u00e4rung erfassten Daten (z.B.<br>Name, Vorname, Adresse und Email) verarbeitet. Die Rechtsgrundlage hierf\u00fcr ist Art. 6 Abs. 1 S. 1<br>lit. b) DS-GVO.<\/p>\n\n\n\n<p>Zum Zwecke der Beitragsverwaltung wird die Bankverbindung verarbeitet. Die Rechtsgrundlage<br>hierf\u00fcr ist Art. 6 Abs. 1 S. 1 lit. b) DS-GVO.<\/p>\n\n\n\n<p>Zum Zwecke der Au\u00dfendarstellung werden Fotos der Mitglieder\/von Veranstaltungen auf der<br>Vereinswebseite www.dfv-undenheim.de ver\u00f6ffentlicht. Die Rechtsgrundlage hierf\u00fcr ist Art. 6 Abs. 1<br>S. 1 lit. a) DS-GVO.<\/p>\n\n\n\n<p>Verantwortlich f\u00fcr die Datenverarbeitung ist die Schriftf\u00fchrerin Tina Schweyer (E-Mail: tina.schweyer@dfv-<br>undenheim.de) und Ihre Stellvertreterin Sandra K\u00fcchler (E-Mail: sandra.kuechler@dfv-undenheim.de).<\/p>\n\n\n\n<p><strong>Berechtigte Interessen des Vereins<\/strong><br>Die Ver\u00f6ffentlichung personenbezogener Daten im Internet oder in lokalen, regionalen oder<br>\u00fcberregionalen Printmedien erfolgt zur Wahrung berechtigter Interessen des Vereins (vgl. Artikel 6 Abs. 1<br>lit. f) DSGVO). Das berechtigte Interesse des Vereins besteht in der Information der \u00d6ffentlichkeit durch<br>Berichtserstattung \u00fcber die Aktivit\u00e4ten des Vereins. In diesem Rahmen werden personenbezogene Daten<br>einschlie\u00dflich von Bildern der Teilnehmer zum Beispiel im Rahmen der Berichterstattung \u00fcber Ereignisse<br>des Vereins ver\u00f6ffentlicht.<\/p>\n\n\n\n<p><strong>Empf\u00e4nger der personenbezogenen Daten<\/strong><br>Der Dorff\u00f6rderverein f\u00fcr die Gemeinde Undenheim e.V. \u00fcbermittelt keine personenbezogene Daten seiner Mitglieder an Dritte.<br>Sollte sich das \u00e4ndern, so werden die Mitglieder dar\u00fcber im Vorfeld informiert.<\/p>\n\n\n\n<p><strong>Drittlandstransfer<\/strong><br>Seitens des Dorff\u00f6rdervereins f\u00fcr die Gemeinde Undenheim e.V. k\u00f6nnen personenbezogene Daten der Mitglieder durch<br>Speicherung der Daten bei einem Cloud-Anbieter an ein Drittland \u00fcbermittelt werden.<\/p>\n\n\n\n<p><strong>Speicherdauer<\/strong><br>Der Dorff\u00f6rderverein f\u00fcr die Gemeinde Undenheim e.V.<\/p>\n\n\n\n<ul class=\"wp-block-list\"><li><ul><li>speichert die f\u00fcr die Mitgliederverwaltung notwendigen Daten (Name, Vorname, Adresse,Geburtsdatum) bis zu 2 Jahre nach Beendigung der Vereinsmitgliedschaft. Anschlie\u00dfend erfolgt eine L\u00f6schung.<\/li><\/ul><\/li><\/ul>\n\n\n\n<p><\/p>\n\n\n\n<ul class=\"wp-block-list\"><li><ul><li>speichert die f\u00fcr die die Beitragsverwaltung notwendigen Daten (Name, Vorname, Bankverbindung) 10 Jahre und l\u00f6scht diese anschlie\u00dfend.<\/li><\/ul><\/li><\/ul>\n\n\n\n<p><\/p>\n\n\n\n<ul class=\"wp-block-list\"><li><ul><li>wei\u00dft darauf hin, dass die IP-Adressen, die beim Besuch der Vereinswebseite gespeichert werden, bis zu 7 Tage aufbewahrt und anschlie\u00dfend gel\u00f6scht werden.<\/li><\/ul><\/li><\/ul>\n\n\n\n<p><\/p>\n\n\n\n<ul class=\"wp-block-list\"><li><ul><li>l\u00f6scht im Falle des Widerrufs der Einwilligung die Daten unverz\u00fcglich (mit Ausnahme das eine Aufbewahrungspflicht vorliegt).<\/li><\/ul><\/li><\/ul>\n\n\n\n<p><\/p>\n\n\n\n<p><strong>Betroffenenrechte<\/strong><br>Dem Vereinsmitglied steht ein Recht auf Auskunft (Art. 15 DS-GVO) sowie ein Recht auf Berichtigung<br>(Art. 16 DS-GVO) oder L\u00f6schung (Art. 17 DS-GVO) oder auf Einschr\u00e4nkung der Verarbeitung<br>(Art. 18 DS-GVO) oder ein Recht auf Widerspruch gegen die Verarbeitung (Art. 21 DS-GVO) sowie<br>ein Recht auf Daten\u00fcbertragbarkeit (Art. 20 DS-GVO) zu.<br>Das Vereinsmitglied hat das Recht, seine datenschutzrechtliche Einwilligungserkl\u00e4rung jederzeit zu<br>widerrufen. Durch den Widerruf der Einwilligung wird die Rechtm\u00e4\u00dfigkeit der aufgrund der Einwilligung<br>bis zum Widerruf erfolgten Verarbeitung nicht ber\u00fchrt.<\/p>\n\n\n\n<p><strong>Pflicht zur Bereitstellung der Daten<\/strong><br>Bei Aufnahme eines Mitglieds im Verein wird die Vereinssatzung und die Informationspflicht nach DS-GVO durch den Dorff\u00f6rderverein f\u00fcr die Gemeinde Undenheim e.V. dem neuen Vereinsmitglied bereitgestellt.<\/p>\n\n\n\n<p><strong>Beschwerderecht<\/strong><br>Den Mitgliedern steht das Recht zur Beschwerde \u00fcber die Datenverarbeitung des Vereins bei der<br>zust\u00e4ndigen Aufsichtsbeh\u00f6rde zu. Zust\u00e4ndige Aufsichtsbeh\u00f6rde ist im Bundesland Rheinland-Pfalz der<br>rheinland-pf\u00e4lzische Datenschutzbeauftragte mit Sitz in Mainz.<\/p>\n\n\n\n<p><em>Stand: Februar 2021<\/em><\/p>\n\n\n\n<hr class=\"wp-block-separator\"\/>\n<\/div>\n<\/div><\/div>\n","protected":false},"excerpt":{"rendered":"","protected":false},"author":1,"featured_media":0,"parent":0,"menu_order":0,"comment_status":"closed","ping_status":"closed","template":"templates\/builder-fullwidth-std.php","meta":{"footnotes":""},"class_list":["post-1430","page","type-page","status-publish","hentry","","tg-column-two"],"aioseo_notices":[],"_links":{"self":[{"href":"https:\/\/dfv-undenheim.de\/index.php?rest_route=\/wp\/v2\/pages\/1430","targetHints":{"allow":["GET"]}}],"collection":[{"href":"https:\/\/dfv-undenheim.de\/index.php?rest_route=\/wp\/v2\/pages"}],"about":[{"href":"https:\/\/dfv-undenheim.de\/index.php?rest_route=\/wp\/v2\/types\/page"}],"author":[{"embeddable":true,"href":"https:\/\/dfv-undenheim.de\/index.php?rest_route=\/wp\/v2\/users\/1"}],"replies":[{"embeddable":true,"href":"https:\/\/dfv-undenheim.de\/index.php?rest_route=%2Fwp%2Fv2%2Fcomments&post=1430"}],"version-history":[{"count":8,"href":"https:\/\/dfv-undenheim.de\/index.php?rest_route=\/wp\/v2\/pages\/1430\/revisions"}],"predecessor-version":[{"id":1675,"href":"https:\/\/dfv-undenheim.de\/index.php?rest_route=\/wp\/v2\/pages\/1430\/revisions\/1675"}],"wp:attachment":[{"href":"https:\/\/dfv-undenheim.de\/index.php?rest_route=%2Fwp%2Fv2%2Fmedia&parent=1430"}],"curies":[{"name":"wp","href":"https:\/\/api.w.org\/{rel}","templated":true}]}}