{"id":2085,"date":"2023-03-23T16:11:09","date_gmt":"2023-03-23T15:11:09","guid":{"rendered":"https:\/\/dfv-undenheim.de\/?page_id=2085"},"modified":"2026-04-12T21:01:28","modified_gmt":"2026-04-12T19:01:28","slug":"undenheim-blueht-auf","status":"publish","type":"page","link":"https:\/\/dfv-undenheim.de\/?page_id=2085","title":{"rendered":"Undenheim bl\u00fcht auf"},"content":{"rendered":"\n<p class=\"has-medium-font-size\" id=\"block-9d96ad1b-44c5-473c-8b81-3578e4ba9c89\">Undenheim bl\u00fcht auf 2026 &#8211; unser Fr\u00fchlingsfest f\u00fcr jung und alt<\/p>\n\n\n\n<figure class=\"wp-block-image size-large is-resized\" id=\"block-df731bd4-caaf-4595-b328-1718ccf280bf\"><a href=\"https:\/\/dfv-undenheim.de\/wp-content\/uploads\/2026\/04\/Undenheim-blueht-auf-2026-Flyer-260413.pdf\" target=\"_blank\" rel=\" noreferrer noopener\"><img loading=\"lazy\" decoding=\"async\" width=\"1024\" height=\"254\" src=\"https:\/\/dfv-undenheim.de\/wp-content\/uploads\/2026\/04\/Button-2026-1024x254.png\" alt=\"\" class=\"wp-image-3307\" style=\"width:565px;height:auto\" srcset=\"https:\/\/dfv-undenheim.de\/wp-content\/uploads\/2026\/04\/Button-2026-1024x254.png 1024w, https:\/\/dfv-undenheim.de\/wp-content\/uploads\/2026\/04\/Button-2026-300x74.png 300w, https:\/\/dfv-undenheim.de\/wp-content\/uploads\/2026\/04\/Button-2026-768x191.png 768w, https:\/\/dfv-undenheim.de\/wp-content\/uploads\/2026\/04\/Button-2026.png 1196w\" sizes=\"auto, (max-width: 1024px) 100vw, 1024px\" \/><\/a><\/figure>\n\n\n\n<figure class=\"wp-block-image size-large is-resized\" id=\"block-db6c379a-ae55-422c-8c28-ba0f53e3e2d6\"><img loading=\"lazy\" decoding=\"async\" width=\"728\" height=\"1024\" src=\"https:\/\/dfv-undenheim.de\/wp-content\/uploads\/2026\/04\/Plakat-Undenheim-blueht-auf-2026-A3-hoch-20260402-728x1024.png\" alt=\"\" class=\"wp-image-3308\" style=\"width:568px;height:auto\" srcset=\"https:\/\/dfv-undenheim.de\/wp-content\/uploads\/2026\/04\/Plakat-Undenheim-blueht-auf-2026-A3-hoch-20260402-728x1024.png 728w, https:\/\/dfv-undenheim.de\/wp-content\/uploads\/2026\/04\/Plakat-Undenheim-blueht-auf-2026-A3-hoch-20260402-213x300.png 213w, https:\/\/dfv-undenheim.de\/wp-content\/uploads\/2026\/04\/Plakat-Undenheim-blueht-auf-2026-A3-hoch-20260402-768x1080.png 768w, https:\/\/dfv-undenheim.de\/wp-content\/uploads\/2026\/04\/Plakat-Undenheim-blueht-auf-2026-A3-hoch-20260402-1093x1536.png 1093w, https:\/\/dfv-undenheim.de\/wp-content\/uploads\/2026\/04\/Plakat-Undenheim-blueht-auf-2026-A3-hoch-20260402-1457x2048.png 1457w, https:\/\/dfv-undenheim.de\/wp-content\/uploads\/2026\/04\/Plakat-Undenheim-blueht-auf-2026-A3-hoch-20260402.png 1700w\" sizes=\"auto, (max-width: 728px) 100vw, 728px\" \/><\/figure>\n\n\n\n<figure class=\"wp-block-image size-large\" id=\"block-508abe75-db69-4e92-a14b-815c05855ef4\"><img loading=\"lazy\" decoding=\"async\" width=\"1024\" height=\"730\" src=\"https:\/\/dfv-undenheim.de\/wp-content\/uploads\/2026\/04\/Undenheim-blueht-auf-2026-Flyer-Seite1-1024x730.png\" alt=\"\" class=\"wp-image-3328\" srcset=\"https:\/\/dfv-undenheim.de\/wp-content\/uploads\/2026\/04\/Undenheim-blueht-auf-2026-Flyer-Seite1-1024x730.png 1024w, https:\/\/dfv-undenheim.de\/wp-content\/uploads\/2026\/04\/Undenheim-blueht-auf-2026-Flyer-Seite1-300x214.png 300w, https:\/\/dfv-undenheim.de\/wp-content\/uploads\/2026\/04\/Undenheim-blueht-auf-2026-Flyer-Seite1-768x548.png 768w, https:\/\/dfv-undenheim.de\/wp-content\/uploads\/2026\/04\/Undenheim-blueht-auf-2026-Flyer-Seite1-1536x1095.png 1536w, https:\/\/dfv-undenheim.de\/wp-content\/uploads\/2026\/04\/Undenheim-blueht-auf-2026-Flyer-Seite1.png 1700w\" sizes=\"auto, (max-width: 1024px) 100vw, 1024px\" \/><\/figure>\n\n\n\n<figure class=\"wp-block-image size-large\" id=\"block-881c7d79-8949-4c9c-9ce6-0298667cb569\"><img loading=\"lazy\" decoding=\"async\" width=\"1024\" height=\"730\" src=\"https:\/\/dfv-undenheim.de\/wp-content\/uploads\/2026\/04\/Undenheim-blueht-auf-2026-Flyer-Seite2-1024x730.png\" alt=\"\" class=\"wp-image-3329\" srcset=\"https:\/\/dfv-undenheim.de\/wp-content\/uploads\/2026\/04\/Undenheim-blueht-auf-2026-Flyer-Seite2-1024x730.png 1024w, https:\/\/dfv-undenheim.de\/wp-content\/uploads\/2026\/04\/Undenheim-blueht-auf-2026-Flyer-Seite2-300x214.png 300w, https:\/\/dfv-undenheim.de\/wp-content\/uploads\/2026\/04\/Undenheim-blueht-auf-2026-Flyer-Seite2-768x548.png 768w, https:\/\/dfv-undenheim.de\/wp-content\/uploads\/2026\/04\/Undenheim-blueht-auf-2026-Flyer-Seite2-1536x1095.png 1536w, https:\/\/dfv-undenheim.de\/wp-content\/uploads\/2026\/04\/Undenheim-blueht-auf-2026-Flyer-Seite2.png 1700w\" sizes=\"auto, (max-width: 1024px) 100vw, 1024px\" \/><\/figure>\n\n\n\n<p class=\"has-medium-font-size\" id=\"block-9d96ad1b-44c5-473c-8b81-3578e4ba9c89\">Undenheim bl\u00fcht auf 2025 &#8211; unser Fr\u00fchlingsfest f\u00fcr jung und alt<\/p>\n\n\n\n<figure class=\"wp-block-image is-resized\" id=\"block-df731bd4-caaf-4595-b328-1718ccf280bf\"><a href=\"https:\/\/dfv-undenheim.de\/wp-content\/uploads\/2025\/04\/Undenheim-blueht-auf-2025-Flyer.pdf\" target=\"_blank\" rel=\" noreferrer noopener\"><img decoding=\"async\" src=\"https:\/\/dfv-undenheim.de\/wp-content\/uploads\/2025\/04\/Button-2025-1024x255.png\" alt=\"Dieses Bild hat ein leeres Alt-Attribut. Der Dateiname ist Button-2025-1024x255.png\" style=\"width:565px;height:auto\"\/><\/a><\/figure>\n\n\n\n<figure class=\"wp-block-image size-large is-resized\"><img loading=\"lazy\" decoding=\"async\" width=\"796\" height=\"1024\" src=\"https:\/\/dfv-undenheim.de\/wp-content\/uploads\/2026\/04\/grafik-28-796x1024.png\" alt=\"\" class=\"wp-image-3311\" style=\"aspect-ratio:0.7770166843575645;width:574px;height:auto\" srcset=\"https:\/\/dfv-undenheim.de\/wp-content\/uploads\/2026\/04\/grafik-28-796x1024.png 796w, https:\/\/dfv-undenheim.de\/wp-content\/uploads\/2026\/04\/grafik-28-233x300.png 233w, https:\/\/dfv-undenheim.de\/wp-content\/uploads\/2026\/04\/grafik-28-768x988.png 768w, https:\/\/dfv-undenheim.de\/wp-content\/uploads\/2026\/04\/grafik-28.png 1136w\" sizes=\"auto, (max-width: 796px) 100vw, 796px\" \/><\/figure>\n\n\n\n<figure class=\"wp-block-image size-large is-resized\"><img loading=\"lazy\" decoding=\"async\" width=\"728\" height=\"1024\" src=\"https:\/\/dfv-undenheim.de\/wp-content\/uploads\/2025\/04\/Plakat-Undenheim-blueht-auf-2025-A3-hoch-20250428-728x1024.jpg\" alt=\"\" class=\"wp-image-2915\" style=\"width:514px;height:auto\" srcset=\"https:\/\/dfv-undenheim.de\/wp-content\/uploads\/2025\/04\/Plakat-Undenheim-blueht-auf-2025-A3-hoch-20250428-728x1024.jpg 728w, https:\/\/dfv-undenheim.de\/wp-content\/uploads\/2025\/04\/Plakat-Undenheim-blueht-auf-2025-A3-hoch-20250428-213x300.jpg 213w, https:\/\/dfv-undenheim.de\/wp-content\/uploads\/2025\/04\/Plakat-Undenheim-blueht-auf-2025-A3-hoch-20250428-768x1080.jpg 768w, https:\/\/dfv-undenheim.de\/wp-content\/uploads\/2025\/04\/Plakat-Undenheim-blueht-auf-2025-A3-hoch-20250428-1092x1536.jpg 1092w, https:\/\/dfv-undenheim.de\/wp-content\/uploads\/2025\/04\/Plakat-Undenheim-blueht-auf-2025-A3-hoch-20250428.jpg 1145w\" sizes=\"auto, (max-width: 728px) 100vw, 728px\" \/><\/figure>\n\n\n\n<figure class=\"wp-block-image size-large\"><img loading=\"lazy\" decoding=\"async\" width=\"1024\" height=\"731\" src=\"https:\/\/dfv-undenheim.de\/wp-content\/uploads\/2025\/04\/Undenheim-blueht-auf-2025-Flyer-Seite-1-1-1024x731.png\" alt=\"\" class=\"wp-image-2888\" srcset=\"https:\/\/dfv-undenheim.de\/wp-content\/uploads\/2025\/04\/Undenheim-blueht-auf-2025-Flyer-Seite-1-1-1024x731.png 1024w, https:\/\/dfv-undenheim.de\/wp-content\/uploads\/2025\/04\/Undenheim-blueht-auf-2025-Flyer-Seite-1-1-300x214.png 300w, https:\/\/dfv-undenheim.de\/wp-content\/uploads\/2025\/04\/Undenheim-blueht-auf-2025-Flyer-Seite-1-1-768x548.png 768w, https:\/\/dfv-undenheim.de\/wp-content\/uploads\/2025\/04\/Undenheim-blueht-auf-2025-Flyer-Seite-1-1.png 1145w\" sizes=\"auto, (max-width: 1024px) 100vw, 1024px\" \/><\/figure>\n\n\n\n<figure class=\"wp-block-image size-large\"><img loading=\"lazy\" decoding=\"async\" width=\"1024\" height=\"731\" src=\"https:\/\/dfv-undenheim.de\/wp-content\/uploads\/2025\/04\/Undenheim-blueht-auf-2025-Flyer-Seite-2-1-1024x731.png\" alt=\"\" class=\"wp-image-2889\" srcset=\"https:\/\/dfv-undenheim.de\/wp-content\/uploads\/2025\/04\/Undenheim-blueht-auf-2025-Flyer-Seite-2-1-1024x731.png 1024w, https:\/\/dfv-undenheim.de\/wp-content\/uploads\/2025\/04\/Undenheim-blueht-auf-2025-Flyer-Seite-2-1-300x214.png 300w, https:\/\/dfv-undenheim.de\/wp-content\/uploads\/2025\/04\/Undenheim-blueht-auf-2025-Flyer-Seite-2-1-768x548.png 768w, https:\/\/dfv-undenheim.de\/wp-content\/uploads\/2025\/04\/Undenheim-blueht-auf-2025-Flyer-Seite-2-1.png 1145w\" sizes=\"auto, (max-width: 1024px) 100vw, 1024px\" \/><\/figure>\n\n\n\n<figure class=\"wp-block-image size-large\"><img loading=\"lazy\" decoding=\"async\" width=\"726\" height=\"1024\" src=\"https:\/\/dfv-undenheim.de\/wp-content\/uploads\/2025\/04\/Undenheim-blueht-auf-2025-Preisliste-726x1024.png\" alt=\"\" class=\"wp-image-2918\" srcset=\"https:\/\/dfv-undenheim.de\/wp-content\/uploads\/2025\/04\/Undenheim-blueht-auf-2025-Preisliste-726x1024.png 726w, https:\/\/dfv-undenheim.de\/wp-content\/uploads\/2025\/04\/Undenheim-blueht-auf-2025-Preisliste-213x300.png 213w, https:\/\/dfv-undenheim.de\/wp-content\/uploads\/2025\/04\/Undenheim-blueht-auf-2025-Preisliste-768x1084.png 768w, https:\/\/dfv-undenheim.de\/wp-content\/uploads\/2025\/04\/Undenheim-blueht-auf-2025-Preisliste-1088x1536.png 1088w, https:\/\/dfv-undenheim.de\/wp-content\/uploads\/2025\/04\/Undenheim-blueht-auf-2025-Preisliste.png 1315w\" sizes=\"auto, (max-width: 726px) 100vw, 726px\" \/><\/figure>\n\n\n\n<h2 class=\"wp-block-heading has-electric-grass-gradient-background has-background\">Vergangene Jahre<\/h2>\n\n\n\n<p>Unser Fr\u00fchlingsfest f\u00fcr jung und alt 2024<\/p>\n\n\n\n<figure class=\"wp-block-image size-large is-resized\"><img loading=\"lazy\" decoding=\"async\" width=\"728\" height=\"1024\" src=\"https:\/\/dfv-undenheim.de\/wp-content\/uploads\/2024\/05\/Plakat-Undenheim-blueht-auf-2024-A3-hoch-20240121-728x1024.jpg\" alt=\"\" class=\"wp-image-2467\" style=\"width:516px;height:auto\" srcset=\"https:\/\/dfv-undenheim.de\/wp-content\/uploads\/2024\/05\/Plakat-Undenheim-blueht-auf-2024-A3-hoch-20240121-728x1024.jpg 728w, https:\/\/dfv-undenheim.de\/wp-content\/uploads\/2024\/05\/Plakat-Undenheim-blueht-auf-2024-A3-hoch-20240121-213x300.jpg 213w, https:\/\/dfv-undenheim.de\/wp-content\/uploads\/2024\/05\/Plakat-Undenheim-blueht-auf-2024-A3-hoch-20240121-768x1080.jpg 768w, https:\/\/dfv-undenheim.de\/wp-content\/uploads\/2024\/05\/Plakat-Undenheim-blueht-auf-2024-A3-hoch-20240121-1092x1536.jpg 1092w, https:\/\/dfv-undenheim.de\/wp-content\/uploads\/2024\/05\/Plakat-Undenheim-blueht-auf-2024-A3-hoch-20240121.jpg 1145w\" sizes=\"auto, (max-width: 728px) 100vw, 728px\" \/><\/figure>\n\n\n\n<figure class=\"wp-block-image size-large\"><img loading=\"lazy\" decoding=\"async\" width=\"1024\" height=\"731\" src=\"https:\/\/dfv-undenheim.de\/wp-content\/uploads\/2024\/05\/Undenheim-blueht-auf-2024-Flyer-Seite1-1024x731.jpg\" alt=\"\" class=\"wp-image-2468\" srcset=\"https:\/\/dfv-undenheim.de\/wp-content\/uploads\/2024\/05\/Undenheim-blueht-auf-2024-Flyer-Seite1-1024x731.jpg 1024w, https:\/\/dfv-undenheim.de\/wp-content\/uploads\/2024\/05\/Undenheim-blueht-auf-2024-Flyer-Seite1-300x214.jpg 300w, https:\/\/dfv-undenheim.de\/wp-content\/uploads\/2024\/05\/Undenheim-blueht-auf-2024-Flyer-Seite1-768x548.jpg 768w, https:\/\/dfv-undenheim.de\/wp-content\/uploads\/2024\/05\/Undenheim-blueht-auf-2024-Flyer-Seite1.jpg 1145w\" sizes=\"auto, (max-width: 1024px) 100vw, 1024px\" \/><\/figure>\n\n\n\n<figure class=\"wp-block-image size-large\"><img loading=\"lazy\" decoding=\"async\" width=\"1024\" height=\"731\" src=\"https:\/\/dfv-undenheim.de\/wp-content\/uploads\/2024\/05\/Undenheim-blueht-auf-2024-Flyer-Seite-2-1024x731.jpg\" alt=\"\" class=\"wp-image-2469\" srcset=\"https:\/\/dfv-undenheim.de\/wp-content\/uploads\/2024\/05\/Undenheim-blueht-auf-2024-Flyer-Seite-2-1024x731.jpg 1024w, https:\/\/dfv-undenheim.de\/wp-content\/uploads\/2024\/05\/Undenheim-blueht-auf-2024-Flyer-Seite-2-300x214.jpg 300w, https:\/\/dfv-undenheim.de\/wp-content\/uploads\/2024\/05\/Undenheim-blueht-auf-2024-Flyer-Seite-2-768x548.jpg 768w, https:\/\/dfv-undenheim.de\/wp-content\/uploads\/2024\/05\/Undenheim-blueht-auf-2024-Flyer-Seite-2.jpg 1145w\" sizes=\"auto, (max-width: 1024px) 100vw, 1024px\" \/><\/figure>\n\n\n\n<p>Unser Fr\u00fchlingsfest f\u00fcr jung und alt 2023!<\/p>\n\n\n\n<figure class=\"wp-block-image size-large\"><img loading=\"lazy\" decoding=\"async\" width=\"1024\" height=\"735\" src=\"https:\/\/dfv-undenheim.de\/wp-content\/uploads\/2023\/03\/Undenheim-blueht-auf-2023-Flyer-230321-Seite-1-2-1024x735.jpg\" alt=\"\" class=\"wp-image-2086\" srcset=\"https:\/\/dfv-undenheim.de\/wp-content\/uploads\/2023\/03\/Undenheim-blueht-auf-2023-Flyer-230321-Seite-1-2-1024x735.jpg 1024w, https:\/\/dfv-undenheim.de\/wp-content\/uploads\/2023\/03\/Undenheim-blueht-auf-2023-Flyer-230321-Seite-1-2-300x215.jpg 300w, https:\/\/dfv-undenheim.de\/wp-content\/uploads\/2023\/03\/Undenheim-blueht-auf-2023-Flyer-230321-Seite-1-2-768x551.jpg 768w, https:\/\/dfv-undenheim.de\/wp-content\/uploads\/2023\/03\/Undenheim-blueht-auf-2023-Flyer-230321-Seite-1-2-1536x1102.jpg 1536w, https:\/\/dfv-undenheim.de\/wp-content\/uploads\/2023\/03\/Undenheim-blueht-auf-2023-Flyer-230321-Seite-1-2-2048x1470.jpg 2048w\" sizes=\"auto, (max-width: 1024px) 100vw, 1024px\" \/><\/figure>\n\n\n\n<figure class=\"wp-block-image size-large\"><img loading=\"lazy\" decoding=\"async\" width=\"1024\" height=\"731\" src=\"https:\/\/dfv-undenheim.de\/wp-content\/uploads\/2023\/03\/Undenheim-blueht-auf-2023-Flyer-230321-Seite-2-5-1024x731.jpg\" alt=\"\" class=\"wp-image-2127\" srcset=\"https:\/\/dfv-undenheim.de\/wp-content\/uploads\/2023\/03\/Undenheim-blueht-auf-2023-Flyer-230321-Seite-2-5-1024x731.jpg 1024w, https:\/\/dfv-undenheim.de\/wp-content\/uploads\/2023\/03\/Undenheim-blueht-auf-2023-Flyer-230321-Seite-2-5-300x214.jpg 300w, https:\/\/dfv-undenheim.de\/wp-content\/uploads\/2023\/03\/Undenheim-blueht-auf-2023-Flyer-230321-Seite-2-5-768x548.jpg 768w, https:\/\/dfv-undenheim.de\/wp-content\/uploads\/2023\/03\/Undenheim-blueht-auf-2023-Flyer-230321-Seite-2-5.jpg 1145w\" sizes=\"auto, (max-width: 1024px) 100vw, 1024px\" \/><\/figure>\n\n\n\n<p>In der Tiefe des Steins \u2013 eine lyrische Zeitreise<\/p>\n\n\n\n<p>Im Hofgut der Bernhardt Stiftung in Undenheima<br>am Samstag, dem 13. Mai 2023<br>Klangsteine: Arthur Schneiter (Sch\u00f6nenberg\/Thur, Schweiz)<br>Gedichte und Rezitation: Katrin Bibiella (Oppenheim)<\/p>\n\n\n\n<p>Poesie beschreitet Wege von au\u00dfen nach innen. Deshalb sind die Steinskulpturen von Arthur Schneiter so poetisch und ziehen uns in ihren Bann: Sie weisen in mehrfacher Hinsicht von einer \u00e4u\u00dferen Oberfl\u00e4che in eine Innenwelt. Als bildhauerische Kunstwerke lassen sie uns zu Betrachtern unseres Planeten, seines inneren Pulses werden. Und wenn wir den Kl\u00e4ngen lauschen, die Arthur Schneiter ihnen entlockt, dann ist es uns, als h\u00f6rten wir das Fl\u00fcstern und Rauschen, das \u00c4chzen und unabl\u00e4ssige Anklopfen, das, lange bevor es uns gab, ein Werden heraufrief. Es hat ohne uns stattgefunden, und doch sind wir ber\u00fchrt, als w\u00e4ren wir es selbst, als w\u00fcrde eine verschollene Information unser Bewusstsein wecken, ein Erahnen, weisend auf das Geheimnis, das allem, was materielle Form annehmen konnte, zugrunde liegt. Die Sprach-Poesie von Katrin Bibiella er\u00f6ffnet dazu einen Dialog von unerwarteter Reichweite, indem sie einen Bogen spannt von der elementaren Betrachtung der Steine bis hin zu W\u00e4rme und Liebe, den innigsten Z\u00fcge, die unser Menschsein als <em>conditio<\/em> von gro\u00dfer Empfindsamkeit auszeichnen.<\/p>\n\n\n\n<p>Klingende Steinwand<br>Monolithe, Tonriesen. Urwesen<br>des Geh\u00f6rs, du schlugst an sie, lange<br>bevor dein K\u00f6rper erklang.<\/p>\n\n\n\n<p>Feste des Steins, k\u00f6rnige<br>Konstellation. Einschl\u00fcsse, Sternstunden<br>zuk\u00fcnftiger Gedanken.<\/p>\n\n\n\n<p>Steinwand, du fuhrst \u00fcber sie<br>hinweg, angerissene Vorderseite,<br>rau, ein Kr\u00e4chzen, gestopfter Klang,<br>vergrabener Klagelaut der Elemente,<br>lange bevor du die V\u00f6gel<br>an ihren Ges\u00e4ngen erkanntest.<\/p>\n\n\n\n<p>13.00 Uhr<\/p>\n\n\n\n<p>Poesie-Workshop f\u00fcr Kinder I:<br>\u201eSteine \u2013 die Haut der Erde\u201c<br>Wir schreiben ein Gemeinschafts-Gedicht<\/p>\n\n\n\n<p>14.30 Uhr<\/p>\n\n\n\n<p>Poesie-Workshop f\u00fcr Kinder II:<br>Lesung des Gemeinschafts-Gedichts<br>\u201eSteine \u2013 die Haut der Erde\u201c<br>mit Klangsteinen von Arthur Schneiter<\/p>\n\n\n\n<p>Zum Zuh\u00f6ren sind auch alle Erwachsenen eingeladen<\/p>\n\n\n\n<h2 class=\"wp-block-heading\"><\/h2>\n","protected":false},"excerpt":{"rendered":"<p>Undenheim bl\u00fcht auf 2026 &#8211; unser Fr\u00fchlingsfest f\u00fcr jung und alt Undenheim bl\u00fcht auf 2025 &#8211; unser Fr\u00fchlingsfest f\u00fcr jung und alt Vergangene Jahre Unser Fr\u00fchlingsfest f\u00fcr jung und alt 2024 Unser Fr\u00fchlingsfest f\u00fcr jung und alt 2023! In der<\/p>\n","protected":false},"author":9,"featured_media":0,"parent":0,"menu_order":0,"comment_status":"closed","ping_status":"closed","template":"","meta":{"footnotes":""},"class_list":["post-2085","page","type-page","status-publish","hentry","","tg-column-two"],"aioseo_notices":[],"_links":{"self":[{"href":"https:\/\/dfv-undenheim.de\/index.php?rest_route=\/wp\/v2\/pages\/2085","targetHints":{"allow":["GET"]}}],"collection":[{"href":"https:\/\/dfv-undenheim.de\/index.php?rest_route=\/wp\/v2\/pages"}],"about":[{"href":"https:\/\/dfv-undenheim.de\/index.php?rest_route=\/wp\/v2\/types\/page"}],"author":[{"embeddable":true,"href":"https:\/\/dfv-undenheim.de\/index.php?rest_route=\/wp\/v2\/users\/9"}],"replies":[{"embeddable":true,"href":"https:\/\/dfv-undenheim.de\/index.php?rest_route=%2Fwp%2Fv2%2Fcomments&post=2085"}],"version-history":[{"count":14,"href":"https:\/\/dfv-undenheim.de\/index.php?rest_route=\/wp\/v2\/pages\/2085\/revisions"}],"predecessor-version":[{"id":3334,"href":"https:\/\/dfv-undenheim.de\/index.php?rest_route=\/wp\/v2\/pages\/2085\/revisions\/3334"}],"wp:attachment":[{"href":"https:\/\/dfv-undenheim.de\/index.php?rest_route=%2Fwp%2Fv2%2Fmedia&parent=2085"}],"curies":[{"name":"wp","href":"https:\/\/api.w.org\/{rel}","templated":true}]}}