{"id":2106,"date":"2023-03-23T16:41:18","date_gmt":"2023-03-23T15:41:18","guid":{"rendered":"https:\/\/dfv-undenheim.de\/?page_id=2106"},"modified":"2025-04-18T13:46:18","modified_gmt":"2025-04-18T11:46:18","slug":"kino-im-hof","status":"publish","type":"page","link":"https:\/\/dfv-undenheim.de\/?page_id=2106","title":{"rendered":"Kino im Hof"},"content":{"rendered":"\n<p class=\"has-vivid-green-cyan-color has-text-color has-link-color has-medium-font-size wp-elements-a78aebdd328b6063c7e277b86e45c45d\"><strong>Kino im Hof &#8211; so sch\u00f6n kann Dorfleben sein!<\/strong><\/p>\n\n\n\n<div class=\"wp-block-columns is-layout-flex wp-container-core-columns-is-layout-28f84493 wp-block-columns-is-layout-flex\">\n<div class=\"wp-block-column is-layout-flow wp-block-column-is-layout-flow\">\n<figure class=\"wp-block-image size-large\"><img loading=\"lazy\" decoding=\"async\" width=\"728\" height=\"1024\" src=\"https:\/\/dfv-undenheim.de\/wp-content\/uploads\/2025\/04\/Plakat-Kino-im-Hof-2025-A3-hoch-Folie1-728x1024.jpg\" alt=\"\" class=\"wp-image-2861\" srcset=\"https:\/\/dfv-undenheim.de\/wp-content\/uploads\/2025\/04\/Plakat-Kino-im-Hof-2025-A3-hoch-Folie1-728x1024.jpg 728w, https:\/\/dfv-undenheim.de\/wp-content\/uploads\/2025\/04\/Plakat-Kino-im-Hof-2025-A3-hoch-Folie1-213x300.jpg 213w, https:\/\/dfv-undenheim.de\/wp-content\/uploads\/2025\/04\/Plakat-Kino-im-Hof-2025-A3-hoch-Folie1-768x1080.jpg 768w, https:\/\/dfv-undenheim.de\/wp-content\/uploads\/2025\/04\/Plakat-Kino-im-Hof-2025-A3-hoch-Folie1-1092x1536.jpg 1092w, https:\/\/dfv-undenheim.de\/wp-content\/uploads\/2025\/04\/Plakat-Kino-im-Hof-2025-A3-hoch-Folie1.jpg 1145w\" sizes=\"auto, (max-width: 728px) 100vw, 728px\" \/><\/figure>\n<\/div>\n\n\n\n<div class=\"wp-block-column is-layout-flow wp-block-column-is-layout-flow\"><\/div>\n<\/div>\n\n\n\n<p class=\"has-electric-grass-gradient-background has-background has-large-font-size\">Vergangene Jahre<\/p>\n\n\n\n<p>2024<\/p>\n\n\n\n<p class=\"has-vivid-green-cyan-color has-text-color has-link-color has-medium-font-size wp-elements-a78aebdd328b6063c7e277b86e45c45d\"><strong>Kino im Hof &#8211; so sch\u00f6n kann Dorfleben sein!<\/strong><\/p>\n\n\n\n<p class=\"has-medium-font-size\">50er\/60er Jahre, Undenheim &#8211; am Schaufenster am Georg-Wiegand-Will-Platz\/Kirchgasse dr\u00fccken sich zwei Naseweise ihre Nasen platt: neue Plakate bewerben die Filmvorf\u00fchrungen des n\u00e4chsten Wochenendes. Nur selten Fernsehen, kein Internet! Kino als Gemeinschaftserlebnis, Highlight der Woche. Samstags- und sonntagsabends gro\u00dfe Filme f\u00fcr Erwachsene, manchmal nachmittags auch Kinderfilme.<\/p>\n\n\n\n<p class=\"has-medium-font-size\">Der Dorff\u00f6rderverein in Undenheim, bekannt f\u00fcr seine Ambitionen, wertvolle Traditionen zu bewahren und damit das Dorfleben zu f\u00f6rdern, ist vergangenes Wochenende zum zweiten Mal in die Kinowelt eingetaucht. Als weiteres Highlight im Veranstaltungskalender des Vereins findet immer am zweiten Wochenende im September im Hof der Bernhardt-Stiftung \u201eKino im Hof\u201c statt: Ballon \u2013 f\u00fcr die Freiheit riskierten sie alles, ein Spielfilm von Michael Herbig wurde zu einem gemeinsamen Kinoerlebnis unter sternenklarem Himmel in einem tollen Ambiente. Die Popcornmaschine lief hei\u00df und k\u00fchle Getr\u00e4nke machten den warmen Sp\u00e4tsommerabend zu einem geselligen Erlebnis.<\/p>\n\n\n\n<p class=\"has-medium-font-size\">Der Sonntagmorgen bot dann mit Pettersson und Findus f\u00fcr viele Kinder das erste Filmerlebnis gemeinsam mit anderen und war voll besetzt. Nachmittags lud Fack ju G\u00f6hte dann unsere Jugendlichen ein.<\/p>\n\n\n\n<p class=\"has-medium-font-size\">Mit der Unterst\u00fctzung von Medien RLP und Rewe Undenheim konnte ein professioneller Rahmen geboten werden. Der gemeinsame Spa\u00df auch beim anschlie\u00dfenden geselligen Beisammensein und viel Lob f\u00fcr die Idee und die ansprechende Umsetzung kamen von ganz allein \u2013 trotz Fernsehen und Internet zu Hause: Kino und Dorfgemeinschaft eben!<\/p>\n\n\n\n<div class=\"wp-block-columns is-layout-flex wp-container-core-columns-is-layout-28f84493 wp-block-columns-is-layout-flex\">\n<div class=\"wp-block-column is-layout-flow wp-block-column-is-layout-flow\">\n<figure class=\"wp-block-image size-large\"><img loading=\"lazy\" decoding=\"async\" width=\"1024\" height=\"571\" src=\"https:\/\/dfv-undenheim.de\/wp-content\/uploads\/2024\/09\/Pressefoto2-1024x571.jpg\" alt=\"\" class=\"wp-image-2567\" srcset=\"https:\/\/dfv-undenheim.de\/wp-content\/uploads\/2024\/09\/Pressefoto2-1024x571.jpg 1024w, https:\/\/dfv-undenheim.de\/wp-content\/uploads\/2024\/09\/Pressefoto2-300x167.jpg 300w, https:\/\/dfv-undenheim.de\/wp-content\/uploads\/2024\/09\/Pressefoto2-768x428.jpg 768w, https:\/\/dfv-undenheim.de\/wp-content\/uploads\/2024\/09\/Pressefoto2-1536x857.jpg 1536w, https:\/\/dfv-undenheim.de\/wp-content\/uploads\/2024\/09\/Pressefoto2-2048x1142.jpg 2048w\" sizes=\"auto, (max-width: 1024px) 100vw, 1024px\" \/><\/figure>\n\n\n\n<figure class=\"wp-block-image size-large\"><img loading=\"lazy\" decoding=\"async\" width=\"1024\" height=\"577\" src=\"https:\/\/dfv-undenheim.de\/wp-content\/uploads\/2024\/09\/DSC08716-1024x577.jpg\" alt=\"\" class=\"wp-image-2569\" srcset=\"https:\/\/dfv-undenheim.de\/wp-content\/uploads\/2024\/09\/DSC08716-1024x577.jpg 1024w, https:\/\/dfv-undenheim.de\/wp-content\/uploads\/2024\/09\/DSC08716-300x169.jpg 300w, https:\/\/dfv-undenheim.de\/wp-content\/uploads\/2024\/09\/DSC08716-768x433.jpg 768w, https:\/\/dfv-undenheim.de\/wp-content\/uploads\/2024\/09\/DSC08716-1536x866.jpg 1536w, https:\/\/dfv-undenheim.de\/wp-content\/uploads\/2024\/09\/DSC08716-2048x1154.jpg 2048w\" sizes=\"auto, (max-width: 1024px) 100vw, 1024px\" \/><\/figure>\n<\/div>\n\n\n\n<div class=\"wp-block-column is-layout-flow wp-block-column-is-layout-flow\">\n<figure class=\"wp-block-image size-large\"><img loading=\"lazy\" decoding=\"async\" width=\"1024\" height=\"577\" src=\"https:\/\/dfv-undenheim.de\/wp-content\/uploads\/2024\/09\/DSC08712-1024x577.jpg\" alt=\"\" class=\"wp-image-2568\" srcset=\"https:\/\/dfv-undenheim.de\/wp-content\/uploads\/2024\/09\/DSC08712-1024x577.jpg 1024w, https:\/\/dfv-undenheim.de\/wp-content\/uploads\/2024\/09\/DSC08712-300x169.jpg 300w, https:\/\/dfv-undenheim.de\/wp-content\/uploads\/2024\/09\/DSC08712-768x433.jpg 768w, https:\/\/dfv-undenheim.de\/wp-content\/uploads\/2024\/09\/DSC08712-1536x866.jpg 1536w, https:\/\/dfv-undenheim.de\/wp-content\/uploads\/2024\/09\/DSC08712-2048x1154.jpg 2048w\" sizes=\"auto, (max-width: 1024px) 100vw, 1024px\" \/><\/figure>\n\n\n\n<figure class=\"wp-block-image size-large\"><img loading=\"lazy\" decoding=\"async\" width=\"1024\" height=\"576\" src=\"https:\/\/dfv-undenheim.de\/wp-content\/uploads\/2024\/09\/Pressefoto1-1024x576.jpg\" alt=\"\" class=\"wp-image-2570\" srcset=\"https:\/\/dfv-undenheim.de\/wp-content\/uploads\/2024\/09\/Pressefoto1-1024x576.jpg 1024w, https:\/\/dfv-undenheim.de\/wp-content\/uploads\/2024\/09\/Pressefoto1-300x169.jpg 300w, https:\/\/dfv-undenheim.de\/wp-content\/uploads\/2024\/09\/Pressefoto1-768x432.jpg 768w, https:\/\/dfv-undenheim.de\/wp-content\/uploads\/2024\/09\/Pressefoto1-1536x864.jpg 1536w, https:\/\/dfv-undenheim.de\/wp-content\/uploads\/2024\/09\/Pressefoto1-2048x1152.jpg 2048w\" sizes=\"auto, (max-width: 1024px) 100vw, 1024px\" \/><\/figure>\n<\/div>\n<\/div>\n\n\n\n<p class=\"has-vivid-green-cyan-color has-text-color has-link-color has-medium-font-size wp-elements-98a8a26b1c1e78235e32e8032568a80a\"><strong>Ganz lieben Dank an all unsere Helfer!<\/strong><\/p>\n\n\n\n<p class=\"has-medium-font-size\">Wir k\u00f6nnen immer Hilfe gebrauchen! <br>Wer uns helfen will, kann sich bitte in folgende Liste eintragen.<\/p>\n\n\n\n<p class=\"has-medium-font-size\">Helferliste: <a href=\"https:\/\/bringabottle.de\/list\/9bd48886-2caf-472d-a533-3a8811a7f5db\">https:\/\/bringabottle.de\/list\/9bd48886-2caf-472d-a533-3a8811a7f5db<\/a><\/p>\n\n\n\n<figure class=\"wp-block-image size-large\"><img loading=\"lazy\" decoding=\"async\" width=\"728\" height=\"1024\" src=\"https:\/\/dfv-undenheim.de\/wp-content\/uploads\/2024\/09\/Plakat-Kino-im-Hof-2024-A3-hoch1-728x1024.jpg\" alt=\"\" class=\"wp-image-2555\" srcset=\"https:\/\/dfv-undenheim.de\/wp-content\/uploads\/2024\/09\/Plakat-Kino-im-Hof-2024-A3-hoch1-728x1024.jpg 728w, https:\/\/dfv-undenheim.de\/wp-content\/uploads\/2024\/09\/Plakat-Kino-im-Hof-2024-A3-hoch1-213x300.jpg 213w, https:\/\/dfv-undenheim.de\/wp-content\/uploads\/2024\/09\/Plakat-Kino-im-Hof-2024-A3-hoch1-768x1081.jpg 768w, https:\/\/dfv-undenheim.de\/wp-content\/uploads\/2024\/09\/Plakat-Kino-im-Hof-2024-A3-hoch1-1092x1536.jpg 1092w, https:\/\/dfv-undenheim.de\/wp-content\/uploads\/2024\/09\/Plakat-Kino-im-Hof-2024-A3-hoch1.jpg 1182w\" sizes=\"auto, (max-width: 728px) 100vw, 728px\" \/><\/figure>\n\n\n\n<figure class=\"wp-block-image size-large\"><img loading=\"lazy\" decoding=\"async\" width=\"728\" height=\"1024\" src=\"https:\/\/dfv-undenheim.de\/wp-content\/uploads\/2024\/09\/Plakat-Kino-im-Hof-2024-A3-hoch2-728x1024.jpg\" alt=\"\" class=\"wp-image-2556\" srcset=\"https:\/\/dfv-undenheim.de\/wp-content\/uploads\/2024\/09\/Plakat-Kino-im-Hof-2024-A3-hoch2-728x1024.jpg 728w, https:\/\/dfv-undenheim.de\/wp-content\/uploads\/2024\/09\/Plakat-Kino-im-Hof-2024-A3-hoch2-213x300.jpg 213w, https:\/\/dfv-undenheim.de\/wp-content\/uploads\/2024\/09\/Plakat-Kino-im-Hof-2024-A3-hoch2-768x1080.jpg 768w, https:\/\/dfv-undenheim.de\/wp-content\/uploads\/2024\/09\/Plakat-Kino-im-Hof-2024-A3-hoch2-1092x1536.jpg 1092w, https:\/\/dfv-undenheim.de\/wp-content\/uploads\/2024\/09\/Plakat-Kino-im-Hof-2024-A3-hoch2.jpg 1182w\" sizes=\"auto, (max-width: 728px) 100vw, 728px\" \/><\/figure>\n\n\n\n<figure class=\"wp-block-image size-large\"><img loading=\"lazy\" decoding=\"async\" width=\"726\" height=\"1024\" src=\"https:\/\/dfv-undenheim.de\/wp-content\/uploads\/2024\/09\/Plakat-Kino-im-Hof-2024-A3-hoch3-726x1024.jpg\" alt=\"\" class=\"wp-image-2557\" srcset=\"https:\/\/dfv-undenheim.de\/wp-content\/uploads\/2024\/09\/Plakat-Kino-im-Hof-2024-A3-hoch3-726x1024.jpg 726w, https:\/\/dfv-undenheim.de\/wp-content\/uploads\/2024\/09\/Plakat-Kino-im-Hof-2024-A3-hoch3-213x300.jpg 213w, https:\/\/dfv-undenheim.de\/wp-content\/uploads\/2024\/09\/Plakat-Kino-im-Hof-2024-A3-hoch3-768x1083.jpg 768w, https:\/\/dfv-undenheim.de\/wp-content\/uploads\/2024\/09\/Plakat-Kino-im-Hof-2024-A3-hoch3-1090x1536.jpg 1090w, https:\/\/dfv-undenheim.de\/wp-content\/uploads\/2024\/09\/Plakat-Kino-im-Hof-2024-A3-hoch3.jpg 1177w\" sizes=\"auto, (max-width: 726px) 100vw, 726px\" \/><\/figure>\n\n\n\n<figure class=\"wp-block-image size-large\"><img loading=\"lazy\" decoding=\"async\" width=\"725\" height=\"1024\" src=\"https:\/\/dfv-undenheim.de\/wp-content\/uploads\/2024\/09\/Plakat-Kino-im-Hof-2024-Preisliste-725x1024.jpg\" alt=\"\" class=\"wp-image-2563\" srcset=\"https:\/\/dfv-undenheim.de\/wp-content\/uploads\/2024\/09\/Plakat-Kino-im-Hof-2024-Preisliste-725x1024.jpg 725w, https:\/\/dfv-undenheim.de\/wp-content\/uploads\/2024\/09\/Plakat-Kino-im-Hof-2024-Preisliste-212x300.jpg 212w, https:\/\/dfv-undenheim.de\/wp-content\/uploads\/2024\/09\/Plakat-Kino-im-Hof-2024-Preisliste-768x1085.jpg 768w, https:\/\/dfv-undenheim.de\/wp-content\/uploads\/2024\/09\/Plakat-Kino-im-Hof-2024-Preisliste-1088x1536.jpg 1088w, https:\/\/dfv-undenheim.de\/wp-content\/uploads\/2024\/09\/Plakat-Kino-im-Hof-2024-Preisliste.jpg 1230w\" sizes=\"auto, (max-width: 725px) 100vw, 725px\" \/><\/figure>\n\n\n\n<p>2023<\/p>\n\n\n\n<figure class=\"wp-block-image size-large\"><img loading=\"lazy\" decoding=\"async\" width=\"728\" height=\"1024\" src=\"https:\/\/dfv-undenheim.de\/wp-content\/uploads\/2023\/03\/Plakat-Kino-im-Hof-2023-A3-hoch-20230321-1-728x1024.jpg\" alt=\"\" class=\"wp-image-2107\" srcset=\"https:\/\/dfv-undenheim.de\/wp-content\/uploads\/2023\/03\/Plakat-Kino-im-Hof-2023-A3-hoch-20230321-1-728x1024.jpg 728w, https:\/\/dfv-undenheim.de\/wp-content\/uploads\/2023\/03\/Plakat-Kino-im-Hof-2023-A3-hoch-20230321-1-213x300.jpg 213w, https:\/\/dfv-undenheim.de\/wp-content\/uploads\/2023\/03\/Plakat-Kino-im-Hof-2023-A3-hoch-20230321-1-768x1080.jpg 768w, https:\/\/dfv-undenheim.de\/wp-content\/uploads\/2023\/03\/Plakat-Kino-im-Hof-2023-A3-hoch-20230321-1-1092x1536.jpg 1092w, https:\/\/dfv-undenheim.de\/wp-content\/uploads\/2023\/03\/Plakat-Kino-im-Hof-2023-A3-hoch-20230321-1.jpg 1145w\" sizes=\"auto, (max-width: 728px) 100vw, 728px\" \/><\/figure>\n","protected":false},"excerpt":{"rendered":"<p>Kino im Hof &#8211; so sch\u00f6n kann Dorfleben sein! Vergangene Jahre 2024 Kino im Hof &#8211; so sch\u00f6n kann Dorfleben sein! 50er\/60er Jahre, Undenheim &#8211; am Schaufenster am Georg-Wiegand-Will-Platz\/Kirchgasse dr\u00fccken sich zwei Naseweise ihre Nasen platt: neue Plakate bewerben die<\/p>\n","protected":false},"author":9,"featured_media":0,"parent":0,"menu_order":0,"comment_status":"closed","ping_status":"closed","template":"","meta":{"footnotes":""},"class_list":["post-2106","page","type-page","status-publish","hentry","","tg-column-two"],"aioseo_notices":[],"_links":{"self":[{"href":"https:\/\/dfv-undenheim.de\/index.php?rest_route=\/wp\/v2\/pages\/2106","targetHints":{"allow":["GET"]}}],"collection":[{"href":"https:\/\/dfv-undenheim.de\/index.php?rest_route=\/wp\/v2\/pages"}],"about":[{"href":"https:\/\/dfv-undenheim.de\/index.php?rest_route=\/wp\/v2\/types\/page"}],"author":[{"embeddable":true,"href":"https:\/\/dfv-undenheim.de\/index.php?rest_route=\/wp\/v2\/users\/9"}],"replies":[{"embeddable":true,"href":"https:\/\/dfv-undenheim.de\/index.php?rest_route=%2Fwp%2Fv2%2Fcomments&post=2106"}],"version-history":[{"count":6,"href":"https:\/\/dfv-undenheim.de\/index.php?rest_route=\/wp\/v2\/pages\/2106\/revisions"}],"predecessor-version":[{"id":2863,"href":"https:\/\/dfv-undenheim.de\/index.php?rest_route=\/wp\/v2\/pages\/2106\/revisions\/2863"}],"wp:attachment":[{"href":"https:\/\/dfv-undenheim.de\/index.php?rest_route=%2Fwp%2Fv2%2Fmedia&parent=2106"}],"curies":[{"name":"wp","href":"https:\/\/api.w.org\/{rel}","templated":true}]}}