{"id":2725,"date":"2025-02-08T14:20:11","date_gmt":"2025-02-08T13:20:11","guid":{"rendered":"https:\/\/dfv-undenheim.de\/?page_id=2725"},"modified":"2026-04-02T13:15:58","modified_gmt":"2026-04-02T11:15:58","slug":"jugendgarten","status":"publish","type":"page","link":"https:\/\/dfv-undenheim.de\/?page_id=2725","title":{"rendered":"Jugendgarten"},"content":{"rendered":"\n<figure class=\"wp-block-image size-large is-resized\"><img loading=\"lazy\" decoding=\"async\" width=\"724\" height=\"1024\" src=\"https:\/\/dfv-undenheim.de\/wp-content\/uploads\/2026\/04\/grafik-724x1024.png\" alt=\"\" class=\"wp-image-3268\" style=\"aspect-ratio:0.7065386074519332;width:605px;height:auto\" srcset=\"https:\/\/dfv-undenheim.de\/wp-content\/uploads\/2026\/04\/grafik-724x1024.png 724w, https:\/\/dfv-undenheim.de\/wp-content\/uploads\/2026\/04\/grafik-212x300.png 212w, https:\/\/dfv-undenheim.de\/wp-content\/uploads\/2026\/04\/grafik-768x1087.png 768w, https:\/\/dfv-undenheim.de\/wp-content\/uploads\/2026\/04\/grafik-1085x1536.png 1085w, https:\/\/dfv-undenheim.de\/wp-content\/uploads\/2026\/04\/grafik.png 1447w\" sizes=\"auto, (max-width: 724px) 100vw, 724px\" \/><\/figure>\n\n\n\n<figure class=\"wp-block-image size-large is-resized\"><img loading=\"lazy\" decoding=\"async\" width=\"1024\" height=\"1024\" src=\"https:\/\/dfv-undenheim.de\/wp-content\/uploads\/2026\/04\/grafik-2-1024x1024.png\" alt=\"\" class=\"wp-image-3271\" style=\"width:608px;height:auto\" srcset=\"https:\/\/dfv-undenheim.de\/wp-content\/uploads\/2026\/04\/grafik-2-1024x1024.png 1024w, https:\/\/dfv-undenheim.de\/wp-content\/uploads\/2026\/04\/grafik-2-300x300.png 300w, https:\/\/dfv-undenheim.de\/wp-content\/uploads\/2026\/04\/grafik-2-150x150.png 150w, https:\/\/dfv-undenheim.de\/wp-content\/uploads\/2026\/04\/grafik-2-768x768.png 768w, https:\/\/dfv-undenheim.de\/wp-content\/uploads\/2026\/04\/grafik-2-270x270.png 270w, https:\/\/dfv-undenheim.de\/wp-content\/uploads\/2026\/04\/grafik-2-230x230.png 230w, https:\/\/dfv-undenheim.de\/wp-content\/uploads\/2026\/04\/grafik-2.png 1080w\" sizes=\"auto, (max-width: 1024px) 100vw, 1024px\" \/><\/figure>\n\n\n\n<figure class=\"wp-block-image size-full\"><img loading=\"lazy\" decoding=\"async\" width=\"611\" height=\"867\" src=\"https:\/\/dfv-undenheim.de\/wp-content\/uploads\/2025\/12\/ZOCKNROLLAREA.jpeg\" alt=\"\" class=\"wp-image-3148\" srcset=\"https:\/\/dfv-undenheim.de\/wp-content\/uploads\/2025\/12\/ZOCKNROLLAREA.jpeg 611w, https:\/\/dfv-undenheim.de\/wp-content\/uploads\/2025\/12\/ZOCKNROLLAREA-211x300.jpeg 211w\" sizes=\"auto, (max-width: 611px) 100vw, 611px\" \/><\/figure>\n\n\n\n<p><\/p>\n\n\n\n<p>Die Mobile Jugendarbeit Mittleres Selztal und viele andere Jugendarbeiter:innen im Landkreis Mainz-Bingen haben f\u00fcr euch ein mega Spiele-Event auf die Beine gestellt! Kommt am 17.1. ins Jugend- und Kulturzentrum Yellow in Ingelheim und seid dabei! Ihr k\u00f6nnt neue Spiele kennenlernen oder alte Klassiker spielen, bei Turnieren und Workshops k\u00f6nnt ihr eure F\u00e4higkeiten unter Beweis stellen und auf dem Spiele-Flohmarkt findet ihr bestimmt das ein oder andere Schn\u00e4ppchen. Brettspiele, Kartenspiele, digitale Spiele auf Vr-Brille und Tablet &#8211; hier ist f\u00fcr alle was dabei. Und das Beste: die Veranstaltung ist komplett kostenlos! Sichert euch jetzt euer Eintrittsticket oder meldet eure Spiele zum Verkauf beim flohmarkt an unter <a href=\"https:\/\/jimbi.digital\/zocknrollarea\/\" title=\"jimbi.digital\/zocknrollarea. \">jimbi.digital\/zocknrollarea. <\/a>Ihr habt Fragen oder sucht eine Mitfahrgelegenheit nach Ingelheim? Meldet euch bei MoJa unter 0151 462 048 57. Wir freuen uns auf euch!<\/p>\n\n\n\n<p><\/p>\n\n\n\n<figure class=\"wp-block-image size-large is-resized\"><img loading=\"lazy\" decoding=\"async\" width=\"724\" height=\"1024\" src=\"https:\/\/dfv-undenheim.de\/wp-content\/uploads\/2025\/09\/Herbstferien-2025-3-724x1024.png\" alt=\"\" class=\"wp-image-3078\" style=\"width:393px;height:auto\" srcset=\"https:\/\/dfv-undenheim.de\/wp-content\/uploads\/2025\/09\/Herbstferien-2025-3-724x1024.png 724w, https:\/\/dfv-undenheim.de\/wp-content\/uploads\/2025\/09\/Herbstferien-2025-3-212x300.png 212w, https:\/\/dfv-undenheim.de\/wp-content\/uploads\/2025\/09\/Herbstferien-2025-3-768x1086.png 768w, https:\/\/dfv-undenheim.de\/wp-content\/uploads\/2025\/09\/Herbstferien-2025-3-1086x1536.png 1086w, https:\/\/dfv-undenheim.de\/wp-content\/uploads\/2025\/09\/Herbstferien-2025-3.png 1414w\" sizes=\"auto, (max-width: 724px) 100vw, 724px\" \/><\/figure>\n\n\n\n<p>Alle Infos zum MoJa-Herbstferien und die Anmeldung gibt&#8217;s unter <a href=\"http:\/\/kurzelinks.de\/eeem\" title=\"\">kurzelinks.de\/eeem<\/a><\/p>\n\n\n\n<p class=\"has-luminous-vivid-amber-to-luminous-vivid-orange-gradient-background has-background has-medium-font-size\">Lust auf Kerbejugend in Undenheim? Kerb ist vom 29.08.-02.09.2025<\/p>\n\n\n\n<figure class=\"wp-block-image size-large\"><img loading=\"lazy\" decoding=\"async\" width=\"723\" height=\"1024\" src=\"https:\/\/dfv-undenheim.de\/wp-content\/uploads\/2025\/05\/KinderKunstCamp2025-723x1024.jpg\" alt=\"\" class=\"wp-image-2931\" srcset=\"https:\/\/dfv-undenheim.de\/wp-content\/uploads\/2025\/05\/KinderKunstCamp2025-723x1024.jpg 723w, https:\/\/dfv-undenheim.de\/wp-content\/uploads\/2025\/05\/KinderKunstCamp2025-212x300.jpg 212w, https:\/\/dfv-undenheim.de\/wp-content\/uploads\/2025\/05\/KinderKunstCamp2025-768x1088.jpg 768w, https:\/\/dfv-undenheim.de\/wp-content\/uploads\/2025\/05\/KinderKunstCamp2025-1084x1536.jpg 1084w, https:\/\/dfv-undenheim.de\/wp-content\/uploads\/2025\/05\/KinderKunstCamp2025-1446x2048.jpg 1446w, https:\/\/dfv-undenheim.de\/wp-content\/uploads\/2025\/05\/KinderKunstCamp2025-scaled.jpg 1807w\" sizes=\"auto, (max-width: 723px) 100vw, 723px\" \/><\/figure>\n\n\n\n<figure class=\"wp-block-image size-large\"><img loading=\"lazy\" decoding=\"async\" width=\"728\" height=\"1024\" src=\"https:\/\/dfv-undenheim.de\/wp-content\/uploads\/2025\/04\/Graffiti-Workshop-2025-PLAKAT-hoch-A3-728x1024.jpg\" alt=\"\" class=\"wp-image-2858\" srcset=\"https:\/\/dfv-undenheim.de\/wp-content\/uploads\/2025\/04\/Graffiti-Workshop-2025-PLAKAT-hoch-A3-728x1024.jpg 728w, https:\/\/dfv-undenheim.de\/wp-content\/uploads\/2025\/04\/Graffiti-Workshop-2025-PLAKAT-hoch-A3-213x300.jpg 213w, https:\/\/dfv-undenheim.de\/wp-content\/uploads\/2025\/04\/Graffiti-Workshop-2025-PLAKAT-hoch-A3-768x1080.jpg 768w, https:\/\/dfv-undenheim.de\/wp-content\/uploads\/2025\/04\/Graffiti-Workshop-2025-PLAKAT-hoch-A3-1092x1536.jpg 1092w, https:\/\/dfv-undenheim.de\/wp-content\/uploads\/2025\/04\/Graffiti-Workshop-2025-PLAKAT-hoch-A3.jpg 1145w\" sizes=\"auto, (max-width: 728px) 100vw, 728px\" \/><\/figure>\n\n\n\n<figure class=\"wp-block-image size-large\"><img loading=\"lazy\" decoding=\"async\" width=\"1024\" height=\"1024\" src=\"https:\/\/dfv-undenheim.de\/wp-content\/uploads\/2025\/02\/1-1024x1024.png\" alt=\"\" class=\"wp-image-2785\" srcset=\"https:\/\/dfv-undenheim.de\/wp-content\/uploads\/2025\/02\/1-1024x1024.png 1024w, https:\/\/dfv-undenheim.de\/wp-content\/uploads\/2025\/02\/1-300x300.png 300w, https:\/\/dfv-undenheim.de\/wp-content\/uploads\/2025\/02\/1-150x150.png 150w, https:\/\/dfv-undenheim.de\/wp-content\/uploads\/2025\/02\/1-768x768.png 768w, https:\/\/dfv-undenheim.de\/wp-content\/uploads\/2025\/02\/1-270x270.png 270w, https:\/\/dfv-undenheim.de\/wp-content\/uploads\/2025\/02\/1-230x230.png 230w, https:\/\/dfv-undenheim.de\/wp-content\/uploads\/2025\/02\/1.png 1080w\" sizes=\"auto, (max-width: 1024px) 100vw, 1024px\" \/><\/figure>\n\n\n\n<p>&#x1f525; Mach deine Osterferien unvergesslich! &#x1f525;<\/p>\n\n\n\n<p>Langeweile? Nicht mit uns! &#x1f60e; Schnapp dir deine Freund:innen und erlebe Action, Abenteuer &amp; Kreativit\u00e4t in den Osterferien:<\/p>\n\n\n\n<p>&#x1f33f; 12.-13.04.: \u00dcbernachtung im Jugendgarten Undenheim | Bushcraft, Feuer &amp; Zelten \u2013 Outdoor-Feeling pur! &#x1f3d5;&#xfe0f;&#x1f525;<br>In Kooperation mit @jugendpflege.ga<\/p>\n\n\n\n<p>&#x1f50d; 14.04.: Outdoor Escape Game in Mainz | R\u00e4tseltour &amp; Picknick am Rhein \u2013 Knifflige Challenges &amp; Chillen! &#x1f30a;&#x1f96a;<\/p>\n\n\n\n<p>&#x1f9d7; 15.+16.04.: Klettertage &#8222;H\u00f6henrausch&#8220; | Toprope-Klettern \u2013 Indoor-Kletterspa\u00df mit Adrenalin-Kick! &#x1f4aa;&#x1f9d7;&#x200d;&#x2640;&#xfe0f;<br>In Kooperation mit @jugendhaus_oppenheim<\/p>\n\n\n\n<p>&#x1f3a8; 17.04.: Kreativ-Werkstatt in K\u00f6ngernheim | Action Painting &amp; Zeit f\u00fcr Kunst \u2013 Kreativ werden und austoben! &#x1f3ad;&#x1f3a8;<\/p>\n\n\n\n<p>&#x1f449; F\u00fcr alle ab 12 Jahren! Melde dich schnell an &amp; mach deine Ferien zum Highlight! &#x1f680;<\/p>\n\n\n\n<p>&#x1f4cd; Mehr Infos &amp; Anmeldung: <a href=\"http:\/\/kurzelinks.de\/isdc\" target=\"_blank\" rel=\"noopener\" title=\"kurzelinks.de\/isdc\">kurzelinks.de\/isdc<\/a> &#x2b06;&#xfe0f; oder \u00fcber den Link in unserer Bio<br>&#x1f4e9; Fragen? Schreib uns \u00fcber Insta oder 0151 462 048 57<\/p>\n\n\n\n<p><\/p>\n\n\n\n<figure class=\"wp-block-image size-large\"><img loading=\"lazy\" decoding=\"async\" width=\"1024\" height=\"1024\" src=\"https:\/\/dfv-undenheim.de\/wp-content\/uploads\/2025\/02\/Jugendgarten-Saisonstart-2025-1024x1024.png\" alt=\"\" class=\"wp-image-2757\" srcset=\"https:\/\/dfv-undenheim.de\/wp-content\/uploads\/2025\/02\/Jugendgarten-Saisonstart-2025-1024x1024.png 1024w, https:\/\/dfv-undenheim.de\/wp-content\/uploads\/2025\/02\/Jugendgarten-Saisonstart-2025-300x300.png 300w, https:\/\/dfv-undenheim.de\/wp-content\/uploads\/2025\/02\/Jugendgarten-Saisonstart-2025-150x150.png 150w, https:\/\/dfv-undenheim.de\/wp-content\/uploads\/2025\/02\/Jugendgarten-Saisonstart-2025-768x768.png 768w, https:\/\/dfv-undenheim.de\/wp-content\/uploads\/2025\/02\/Jugendgarten-Saisonstart-2025-1536x1536.png 1536w, https:\/\/dfv-undenheim.de\/wp-content\/uploads\/2025\/02\/Jugendgarten-Saisonstart-2025-2048x2048.png 2048w, https:\/\/dfv-undenheim.de\/wp-content\/uploads\/2025\/02\/Jugendgarten-Saisonstart-2025-270x270.png 270w, https:\/\/dfv-undenheim.de\/wp-content\/uploads\/2025\/02\/Jugendgarten-Saisonstart-2025-230x230.png 230w\" sizes=\"auto, (max-width: 1024px) 100vw, 1024px\" \/><\/figure>\n\n\n\n<p>Der Jugendgarten am Goldbach ist ab Freitag, 07.03.2025 wieder ge\u00f6ffnet!<\/p>\n\n\n\n<p>Wir treffen uns immer freitags ab 17 Uhr im Jugendgarten am Goldbach (Hahnheimer Stra\u00dfe in Undenheim).<\/p>\n\n\n\n<p>Alle Jugendlichen ab 12 Jahren sind herzlich willkommen! Komm vorbei, setz dich zu uns ans Lagerfeuer und lerne uns kennen.<\/p>\n\n\n\n<p>Wenn du Fragen hast, oder mehr Infos brauchst, melde dich gern bei Svenja von MoJa: 0151 &#8211; 46204857 (@moja_mittleres_selztal)<\/p>\n\n\n\n<p>Am 15.03. treffen wir uns ausnahmsweise samstags und machen den Jugendgarten fit f\u00fcr die neue Saison! Beim Arbeitseinsatz werden viele helfende H\u00e4nde gebraucht: Pack mit an und mach mit uns den Jugendgarten fit f\u00fcr die neue Saison. Wir freuen uns auf euch!<\/p>\n\n\n\n<p><sub>Der Jugendgarten ist ein Kooperationsprojekt der Gemeinde Undenheim und der Mobilen Jugendarbeit Mittleres Selztal (MoJa) in Tr\u00e4gerschaft der Regionalen Diakonie Rheinhessen. <\/sub><\/p>\n\n\n\n<p><\/p>\n\n\n\n<figure class=\"wp-block-image size-large\"><img loading=\"lazy\" decoding=\"async\" width=\"1024\" height=\"1024\" src=\"https:\/\/dfv-undenheim.de\/wp-content\/uploads\/2025\/02\/250208-1024x1024.jpg\" alt=\"\" class=\"wp-image-2731\" srcset=\"https:\/\/dfv-undenheim.de\/wp-content\/uploads\/2025\/02\/250208-1024x1024.jpg 1024w, https:\/\/dfv-undenheim.de\/wp-content\/uploads\/2025\/02\/250208-300x300.jpg 300w, https:\/\/dfv-undenheim.de\/wp-content\/uploads\/2025\/02\/250208-150x150.jpg 150w, https:\/\/dfv-undenheim.de\/wp-content\/uploads\/2025\/02\/250208-768x768.jpg 768w, https:\/\/dfv-undenheim.de\/wp-content\/uploads\/2025\/02\/250208-270x270.jpg 270w, https:\/\/dfv-undenheim.de\/wp-content\/uploads\/2025\/02\/250208-230x230.jpg 230w, https:\/\/dfv-undenheim.de\/wp-content\/uploads\/2025\/02\/250208.jpg 1080w\" sizes=\"auto, (max-width: 1024px) 100vw, 1024px\" \/><\/figure>\n\n\n\n<p>&#x1f9d7;&#x200d;&#x2640;&#xfe0f;&#x1f51d; &#x1f9d7; Wir wollen wieder hoch hinaus und mit euch was #erleben!<\/p>\n\n\n\n<p>&#x270c;&#xfe0f; Auch 2025 wollen wir mit euch die #wandhochgehen und den ein oder anderen H\u00f6henrausch erleben. Wie immer k\u00f6nnt ihr unter Anleitung eure Skills zum Toprope Klettern verbessern und nat\u00fcrlich m\u00e4chtig viel Spa\u00df haben.<\/p>\n\n\n\n<p>&#x26a0;&#xfe0f; Wer schon Klettererfahrung hat, kann diesmal auch #vorstieg klettern.<\/p>\n\n\n\n<p>&#x1f68c; Diesmal geht&#8217;s nach Darmstadt ins Kletterzentrum @kletterkiste .<\/p>\n\n\n\n<p>&#x1f62c; F\u00fcr die Teilnahme braucht es grunds\u00e4tzlich keine Kletter-Vorerfahrungen. Vorstieg ist allerdings nur f\u00fcr erfahrene Kletterer: innen m\u00f6glich.<\/p>\n\n\n\n<p>&#x1f968;&#x1f354;&#x1f376; Ihr braucht: Sportliche Kleidung, sportliche Schuhe oder Kletterschuhe, ausreichend Essen und Trinken.<\/p>\n\n\n\n<p>&#x1f5d3;&#x1f5d3;&#x1f5d3;&#x1f5d3;&#x1f5d3;&#x1f5d3;&#x1f5d3;&#x1f5d3;<\/p>\n\n\n\n<ul class=\"wp-block-list\">\n<li>Datum: 22.02.2025<\/li>\n\n\n\n<li>Uhrzeit: 9.30 &#8211; 16.30<\/li>\n\n\n\n<li>Teilnahmegeb\u00fchren: 15 \u20ac<\/li>\n\n\n\n<li>Treffpunkt: Jugendhaus Oppenheim, Rheinstra\u00dfe 43, 55276 Oppenheim &#x1f505;<\/li>\n<\/ul>\n\n\n\n<p>&#x1f4f2; Anmeldung ab sofort hier: https:\/\/vg-rhein-selz.feripro.de\/programm\/6\/anmeldung\/veranstaltungen\/3<\/p>\n\n\n\n<figure class=\"wp-block-image size-large\"><img loading=\"lazy\" decoding=\"async\" width=\"1024\" height=\"1024\" src=\"https:\/\/dfv-undenheim.de\/wp-content\/uploads\/2025\/02\/250207-1024x1024.jpg\" alt=\"\" class=\"wp-image-2730\" srcset=\"https:\/\/dfv-undenheim.de\/wp-content\/uploads\/2025\/02\/250207-1024x1024.jpg 1024w, https:\/\/dfv-undenheim.de\/wp-content\/uploads\/2025\/02\/250207-300x300.jpg 300w, https:\/\/dfv-undenheim.de\/wp-content\/uploads\/2025\/02\/250207-150x150.jpg 150w, https:\/\/dfv-undenheim.de\/wp-content\/uploads\/2025\/02\/250207-768x768.jpg 768w, https:\/\/dfv-undenheim.de\/wp-content\/uploads\/2025\/02\/250207-270x270.jpg 270w, https:\/\/dfv-undenheim.de\/wp-content\/uploads\/2025\/02\/250207-230x230.jpg 230w, https:\/\/dfv-undenheim.de\/wp-content\/uploads\/2025\/02\/250207.jpg 1080w\" sizes=\"auto, (max-width: 1024px) 100vw, 1024px\" \/><\/figure>\n\n\n\n<p>&#x1f4af; Restart 2025<\/p>\n\n\n\n<p>&#x1f440; 2025 wird auf jeden Fall spannend\u2026. Da hilft es manchmal \u00b4ne Pause zu machen, durchzuatmen und sich \u00dcberblick zu verschaffen #break. Also Augen auf und ab daf\u00fcr!<\/p>\n\n\n\n<p>Wir w\u00fcnschen euch f\u00fcr das neue Jahr Gesundheit, Kraft und den Mut, eure Tr\u00e4ume Wirklichkeit werden zu lassen &#x1f4aa;.<\/p>\n\n\n\n<p>Und wenn wir schon dabei sind: Uns allen \u00b4ne ordentliche Portion #zufersicht &amp; #frieden &#x2728; Lasst uns niemals aufh\u00f6ren zu tr\u00e4umen und zusammen was daf\u00fcr zu tun &#x1f91d;.<\/p>\n\n\n\n<p>&#x1f93d;&#x1f362;&#x1f4fd;&#x26fa; Wir haben uns f\u00fcr 2025 schon einiges \u00fcberlegt\u2026. und freuen uns auf viele Begegnungen und coole Aktionen mit euch allen.<\/p>\n\n\n\n<p>&#x1f449; Falls ihr noch Ideen habt, schreibt es uns doch oder melde dich bei uns.<\/p>\n\n\n\n<p>&#x1f91e;&#x1f4c6; Ein Highlight wird nat\u00fcrlich auch dieses Jahr die Kletterfreizeit #intothewild4 zusammen mit @jugendhaus_oppenheim in den Sommerferien vom 08. Juli &#8211; 12. Juli 2025. Und falls ihr nicht so lange warten m\u00f6chtet: am 22.02.2025 findet der n\u00e4chste #klettertag mit ordentlich #h\u00f6henrausch statt. Infos folgen.<\/p>\n\n\n\n<p><\/p>\n\n\n\n<p><\/p>\n\n\n\n<p><\/p>\n","protected":false},"excerpt":{"rendered":"<p>Die Mobile Jugendarbeit Mittleres Selztal und viele andere Jugendarbeiter:innen im Landkreis Mainz-Bingen haben f\u00fcr euch ein mega Spiele-Event auf die Beine gestellt! Kommt am 17.1. ins Jugend- und Kulturzentrum Yellow in Ingelheim und seid dabei! Ihr k\u00f6nnt neue Spiele kennenlernen<\/p>\n","protected":false},"author":9,"featured_media":0,"parent":0,"menu_order":0,"comment_status":"closed","ping_status":"closed","template":"","meta":{"footnotes":""},"class_list":["post-2725","page","type-page","status-publish","hentry","","tg-column-two"],"aioseo_notices":[],"_links":{"self":[{"href":"https:\/\/dfv-undenheim.de\/index.php?rest_route=\/wp\/v2\/pages\/2725","targetHints":{"allow":["GET"]}}],"collection":[{"href":"https:\/\/dfv-undenheim.de\/index.php?rest_route=\/wp\/v2\/pages"}],"about":[{"href":"https:\/\/dfv-undenheim.de\/index.php?rest_route=\/wp\/v2\/types\/page"}],"author":[{"embeddable":true,"href":"https:\/\/dfv-undenheim.de\/index.php?rest_route=\/wp\/v2\/users\/9"}],"replies":[{"embeddable":true,"href":"https:\/\/dfv-undenheim.de\/index.php?rest_route=%2Fwp%2Fv2%2Fcomments&post=2725"}],"version-history":[{"count":9,"href":"https:\/\/dfv-undenheim.de\/index.php?rest_route=\/wp\/v2\/pages\/2725\/revisions"}],"predecessor-version":[{"id":3272,"href":"https:\/\/dfv-undenheim.de\/index.php?rest_route=\/wp\/v2\/pages\/2725\/revisions\/3272"}],"wp:attachment":[{"href":"https:\/\/dfv-undenheim.de\/index.php?rest_route=%2Fwp%2Fv2%2Fmedia&parent=2725"}],"curies":[{"name":"wp","href":"https:\/\/api.w.org\/{rel}","templated":true}]}}